{"id":1026,"date":"2017-05-02T20:37:02","date_gmt":"2017-05-02T18:37:02","guid":{"rendered":"https:\/\/www.vitbot.com\/distribuidors"},"modified":"2017-05-03T09:45:19","modified_gmt":"2017-05-03T07:45:19","slug":"distribuidors","status":"publish","type":"page","link":"https:\/\/www.vitbot.com\/ca\/distribuidors","title":{"rendered":"Distribuidors"},"content":{"rendered":"[vc_row fullwidth=&#8221;true&#8221; css=&#8221;.vc_custom_1492599920359{padding-top: 35px !important;padding-bottom: 10px !important;background-color: #50bedc !important;}&#8221;][vc_column][vc_column_text disable_pattern=&#8221;false&#8221; align=&#8221;center&#8221; el_class=&#8221;font-alternategn2d vitbot-color3 distribuidores-tit1&#8243;]\n<h1>DISTRIBUIDORS<\/h1>\n[\/vc_column_text][\/vc_column][\/vc_row][vc_row][vc_column][vc_empty_space][vc_column_text disable_pattern=&#8221;false&#8221; el_class=&#8221;font-din2014-l vitbot-color1 distri-txt&#8221;]Si t\u2019interessa ser un distribu\u00efdor Vitbot, si us plau, omple el q\u00fcestionari de sol\u00b7licitud.[\/vc_column_text][vc_column_text disable_pattern=&#8221;false&#8221; el_class=&#8221;font-alternategn2d vitbot-color1 distribuidores-tit2&#8243;]\n<h1>Q\u00fcestionari de Sol\u00b7licitud de Distribuci\u00f3<\/h1>\n[\/vc_column_text][vc_column_text disable_pattern=&#8221;false&#8221; el_class=&#8221;font-din2014-l vitbot-color1 distri-txt&#8221;]Gr\u00e0cies pel teu inter\u00e8s en la distribuci\u00f3 de les ampolles Vitbot. Quant rebem la teva sol\u00b7licitud ens posarem en contacte amb tu en el termini m\u00e0xim d\u2019una setmana per donar-te una resposta que s\u2019adapti als teus interessos. Gr\u00e0cies per pensar en Vitbot.<\/p>\n<p>Els camps que porten un asterisc s\u00f3n imprescindibles. [\/vc_column_text][\/vc_column][\/vc_row][vc_row][vc_column][vc_column_text disable_pattern=&#8221;false&#8221; el_class=&#8221;distribuidores-txt distri-txt&#8221;]\n<div class=\"wpcf7 no-js\" id=\"wpcf7-f1247-o1\" lang=\"en-US\" dir=\"ltr\">\n<div class=\"screen-reader-response\"><p role=\"status\" aria-live=\"polite\" aria-atomic=\"true\"><\/p> <ul><\/ul><\/div>\n<form action=\"\/ca\/wp-json\/wp\/v2\/pages\/1026#wpcf7-f1247-o1\" method=\"post\" class=\"wpcf7-form init\" aria-label=\"Contact form\" novalidate=\"novalidate\" data-status=\"init\">\n<div style=\"display: none;\">\n<input type=\"hidden\" name=\"_wpcf7\" value=\"1247\" \/>\n<input type=\"hidden\" name=\"_wpcf7_version\" value=\"5.7.3\" \/>\n<input type=\"hidden\" name=\"_wpcf7_locale\" value=\"en_US\" \/>\n<input type=\"hidden\" name=\"_wpcf7_unit_tag\" value=\"wpcf7-f1247-o1\" \/>\n<input type=\"hidden\" name=\"_wpcf7_container_post\" value=\"0\" \/>\n<input type=\"hidden\" name=\"_wpcf7_posted_data_hash\" value=\"\" \/>\n<\/div>\n<div class=\"contacta-left\">\n\t<p><label> \u00c9s una botiga oberta al p\u00fablic?*<\/label><br \/>\n<span class=\"wpcf7-form-control-wrap\" data-name=\"checkbox-abierta\"><span class=\"wpcf7-form-control wpcf7-checkbox wpcf7-validates-as-required wpcf7-exclusive-checkbox\"><span class=\"wpcf7-list-item first\"><label><input type=\"checkbox\" name=\"checkbox-abierta\" value=\"Si\" tabindex=\"\" \/><span class=\"wpcf7-list-item-label\">Si<\/span><\/label><\/span><span class=\"wpcf7-list-item last\"><label><input type=\"checkbox\" name=\"checkbox-abierta\" value=\"No\" tabindex=\"\" \/><span class=\"wpcf7-list-item-label\">No<\/span><\/label><\/span><\/span><\/span>\n\t<\/p>\n\t<p><label> Nom de l'establiment*<br \/>\n<span class=\"wpcf7-form-control-wrap\" data-name=\"establecimiento-nombre\"><input size=\"40\" class=\"wpcf7-form-control wpcf7-text wpcf7-validates-as-required\" aria-required=\"true\" aria-invalid=\"false\" value=\"\" type=\"text\" name=\"establecimiento-nombre\" \/><\/span> <\/label>\n\t<\/p>\n\t<p><label> Ciutat<br \/>\n<span class=\"wpcf7-form-control-wrap\" data-name=\"establecimiento-city\"><input size=\"40\" class=\"wpcf7-form-control wpcf7-text wpcf7-validates-as-required\" aria-required=\"true\" aria-invalid=\"false\" value=\"\" type=\"text\" name=\"establecimiento-city\" \/><\/span> <\/label>\n\t<\/p>\n\t<p><label> Pa\u00eds*<br \/>\n<span class=\"wpcf7-form-control-wrap\" data-name=\"establecimiento-pais\"><input size=\"40\" class=\"wpcf7-form-control wpcf7-text wpcf7-validates-as-required\" aria-required=\"true\" aria-invalid=\"false\" value=\"\" type=\"text\" name=\"establecimiento-pais\" \/><\/span> <\/label>\n\t<\/p>\n\t<p><label> Web<br \/>\n<span class=\"wpcf7-form-control-wrap\" data-name=\"establecimiento-web\"><input size=\"40\" class=\"wpcf7-form-control wpcf7-text wpcf7-validates-as-required\" aria-required=\"true\" aria-invalid=\"false\" value=\"\" type=\"text\" name=\"establecimiento-web\" \/><\/span> <\/label>\n\t<\/p>\n\t<p><label> Vens actualment algun tipus d'ampolla reutilitzable?* <\/label><br \/>\n<span class=\"wpcf7-form-control-wrap\" data-name=\"checkbox-sibotella\"><span class=\"wpcf7-form-control wpcf7-checkbox wpcf7-validates-as-required wpcf7-exclusive-checkbox\"><span class=\"wpcf7-list-item first\"><label><input type=\"checkbox\" name=\"checkbox-sibotella\" value=\"Si\" tabindex=\"\" \/><span class=\"wpcf7-list-item-label\">Si<\/span><\/label><\/span><span class=\"wpcf7-list-item last\"><label><input type=\"checkbox\" name=\"checkbox-sibotella\" value=\"No\" tabindex=\"\" \/><span class=\"wpcf7-list-item-label\">No<\/span><\/label><\/span><\/span><\/span>\n\t<\/p>\n<\/div>\n<div class=\"contacta-right\">\n\t<p><label> Tipus d'establiment obert al p\u00fablic*<\/label><br \/>\n<span class=\"wpcf7-form-control-wrap\" data-name=\"checkbox-tipo\"><span class=\"wpcf7-form-control wpcf7-checkbox wpcf7-validates-as-required wpcf7-exclusive-checkbox\"><span class=\"wpcf7-list-item first\"><label><input type=\"checkbox\" name=\"checkbox-tipo\" value=\"Articles esportius\" tabindex=\"\" \/><span class=\"wpcf7-list-item-label\">Articles esportius<\/span><\/label><\/span><span class=\"wpcf7-list-item\"><label><input type=\"checkbox\" name=\"checkbox-tipo\" value=\"Articles per a la llar\" tabindex=\"\" \/><span class=\"wpcf7-list-item-label\">Articles per a la llar<\/span><\/label><\/span><span class=\"wpcf7-list-item\"><label><input type=\"checkbox\" name=\"checkbox-tipo\" value=\"Articles per a nens i nadons\" tabindex=\"\" \/><span class=\"wpcf7-list-item-label\">Articles per a nens i nadons<\/span><\/label><\/span><span class=\"wpcf7-list-item\"><label><input type=\"checkbox\" name=\"checkbox-tipo\" value=\"Articles per a regal \/ viatge\" tabindex=\"\" \/><span class=\"wpcf7-list-item-label\">Articles per a regal \/ viatge<\/span><\/label><\/span><span class=\"wpcf7-list-item\"><label><input type=\"checkbox\" name=\"checkbox-tipo\" value=\"Herbolari \/ Nutricionista \/ Diet\u00e8tica\" tabindex=\"\" \/><span class=\"wpcf7-list-item-label\">Herbolari \/ Nutricionista \/ Diet\u00e8tica<\/span><\/label><\/span><span class=\"wpcf7-list-item\"><label><input type=\"checkbox\" name=\"checkbox-tipo\" value=\"Restaurant \/ Hotel\" tabindex=\"\" \/><span class=\"wpcf7-list-item-label\">Restaurant \/ Hotel<\/span><\/label><\/span><span class=\"wpcf7-list-item\"><label><input type=\"checkbox\" name=\"checkbox-tipo\" value=\"Club esportiu \/ Gimn\u00e0s\" tabindex=\"\" \/><span class=\"wpcf7-list-item-label\">Club esportiu \/ Gimn\u00e0s<\/span><\/label><\/span><span class=\"wpcf7-list-item\"><label><input type=\"checkbox\" name=\"checkbox-tipo\" value=\"Centre de Ioga \/ Meditaci\u00f3\" tabindex=\"\" \/><span class=\"wpcf7-list-item-label\">Centre de Ioga \/ Meditaci\u00f3<\/span><\/label><\/span><span class=\"wpcf7-list-item last\"><label><input type=\"checkbox\" name=\"checkbox-tipo\" value=\"Un altre tipus (especificar)\" tabindex=\"\" \/><span class=\"wpcf7-list-item-label\">Un altre tipus (especificar)<\/span><\/label><\/span><\/span><\/span>\n\t<\/p>\n\t<p><label> Un altre tipus<br \/>\n<span class=\"wpcf7-form-control-wrap\" data-name=\"tipo-otro\"><input size=\"40\" class=\"wpcf7-form-control wpcf7-text wpcf7-validates-as-required\" aria-required=\"true\" aria-invalid=\"false\" value=\"\" type=\"text\" name=\"tipo-otro\" \/><\/span> <\/label>\n\t<\/p>\n\t<p><label> Nom i cognoms*<br \/>\n<span class=\"wpcf7-form-control-wrap\" data-name=\"your-name\"><input size=\"40\" class=\"wpcf7-form-control wpcf7-text wpcf7-validates-as-required\" aria-required=\"true\" aria-invalid=\"false\" value=\"\" type=\"text\" name=\"your-name\" \/><\/span> <\/label>\n\t<\/p>\n\t<p><label> E-mail*<br \/>\n<span class=\"wpcf7-form-control-wrap\" data-name=\"your-email\"><input size=\"40\" class=\"wpcf7-form-control wpcf7-text wpcf7-email wpcf7-validates-as-required wpcf7-validates-as-email\" aria-required=\"true\" aria-invalid=\"false\" value=\"\" type=\"email\" name=\"your-email\" \/><\/span> <\/label><br \/>\n<label><br \/>\n<span class=\"wpcf7-form-control-wrap\" data-name=\"acceptance-231\"><span class=\"wpcf7-form-control wpcf7-acceptance\"><span class=\"wpcf7-list-item\"><input type=\"checkbox\" name=\"acceptance-231\" value=\"1\" aria-invalid=\"false\" \/><\/span><\/span><\/span> <span>He llegit i accepto la <a href=\"https:\/\/www.vitbot.com\/ca\/proteccio-de-dades\" target=\"_blank\">pol\u00edtica de privacitat<\/a><\/span><br \/>\n<\/label><br \/>\n<label><br \/>\n<\/label>\n\t<\/p>\n\t<ol>\n\t\t<li>\n\t\t\t<p>Responsable de los datos: Vitbot Europe, S.L.\n\t\t\t<\/p>\n\t\t<\/li>\n\t\t<li>\n\t\t\t<p>Finalitat de les dades: Comunicaci\u00f3 amb el client.\n\t\t\t<\/p>\n\t\t<\/li>\n\t\t<li>\n\t\t\t<p>Emmagatzematge de les dades: Base de dades allotjada a Go Daddy Operating Company, LLC\n\t\t\t<\/p>\n\t\t<\/li>\n\t\t<li>\n\t\t\t<p>Drets: En qualsevol moment pots <a href=\"https:\/\/www.vitbot.com\/ca\/proteccio-de-dades\">limitar, recuperar i esborrar la teva informaci\u00f3<\/a>.\n\t\t\t<\/p>\n\t\t<\/li>\n\t<\/ol>\n\t<p><input class=\"wpcf7-form-control has-spinner wpcf7-submit\" type=\"submit\" value=\"ENVIAR\" \/>\n\t<\/p>\n<\/div><div class=\"wpcf7-response-output\" aria-hidden=\"true\"><\/div>\n<\/form>\n<\/div>\n[\/vc_column_text][\/vc_column][\/vc_row][vc_row][vc_column][vc_empty_space height=&#8221;60px&#8221;][\/vc_column][\/vc_row]\n","protected":false},"excerpt":{"rendered":"<p>[vc_row fullwidth=&#8221;true&#8221; css=&#8221;.vc_custom_1492599920359{padding-top: 35px !important;padding-bottom: 10px !important;background-color: #50bedc !important;}&#8221;][vc_column][vc_column_text disable_pattern=&#8221;false&#8221; align=&#8221;center&#8221; el_class=&#8221;font-alternategn2d vitbot-color3 distribuidores-tit1&#8243;] DISTRIBUIDORS [\/vc_column_text][\/vc_column][\/vc_row][vc_row][vc_column][vc_empty_space][vc_column_text disable_pattern=&#8221;false&#8221; el_class=&#8221;font-din2014-l vitbot-color1 distri-txt&#8221;]Si t\u2019interessa ser un distribu\u00efdor Vitbot, si us plau, omple el q\u00fcestionari de sol\u00b7licitud.[\/vc_column_text][vc_column_text disable_pattern=&#8221;false&#8221; el_class=&#8221;font-alternategn2d vitbot-color1 distribuidores-tit2&#8243;] Q\u00fcestionari de Sol\u00b7licitud de Distribuci\u00f3 [\/vc_column_text][vc_column_text disable_pattern=&#8221;false&#8221; el_class=&#8221;font-din2014-l vitbot-color1 distri-txt&#8221;]Gr\u00e0cies pel teu inter\u00e8s en la distribuci\u00f3 de les [&hellip;]<\/p>\n","protected":false},"author":1,"featured_media":0,"parent":0,"menu_order":33,"comment_status":"closed","ping_status":"closed","template":"","meta":{"_monsterinsights_skip_tracking":false,"_monsterinsights_sitenote_active":false,"_monsterinsights_sitenote_note":"","_monsterinsights_sitenote_category":0},"yoast_head":"<!-- This site is optimized with the Yoast SEO plugin v20.1 - https:\/\/yoast.com\/wordpress\/plugins\/seo\/ -->\n<title>Distribuidors - Vitbot<\/title>\n<meta name=\"robots\" content=\"index, follow, max-snippet:-1, max-image-preview:large, max-video-preview:-1\" \/>\n<link rel=\"canonical\" href=\"https:\/\/www.vitbot.com\/ca\/distribuidors\" \/>\n<meta property=\"og:locale\" content=\"ca_ES\" \/>\n<meta property=\"og:type\" content=\"article\" \/>\n<meta property=\"og:title\" content=\"Distribuidors - Vitbot\" \/>\n<meta property=\"og:description\" content=\"[vc_row fullwidth=&#8221;true&#8221; css=&#8221;.vc_custom_1492599920359{padding-top: 35px !important;padding-bottom: 10px !important;background-color: #50bedc !important;}&#8221;][vc_column][vc_column_text disable_pattern=&#8221;false&#8221; align=&#8221;center&#8221; el_class=&#8221;font-alternategn2d vitbot-color3 distribuidores-tit1&#8243;] DISTRIBUIDORS [\/vc_column_text][\/vc_column][\/vc_row][vc_row][vc_column][vc_empty_space][vc_column_text disable_pattern=&#8221;false&#8221; el_class=&#8221;font-din2014-l vitbot-color1 distri-txt&#8221;]Si t\u2019interessa ser un distribu\u00efdor Vitbot, si us plau, omple el q\u00fcestionari de sol\u00b7licitud.[\/vc_column_text][vc_column_text disable_pattern=&#8221;false&#8221; el_class=&#8221;font-alternategn2d vitbot-color1 distribuidores-tit2&#8243;] Q\u00fcestionari de Sol\u00b7licitud de Distribuci\u00f3 [\/vc_column_text][vc_column_text disable_pattern=&#8221;false&#8221; el_class=&#8221;font-din2014-l vitbot-color1 distri-txt&#8221;]Gr\u00e0cies pel teu inter\u00e8s en la distribuci\u00f3 de les [&hellip;]\" \/>\n<meta property=\"og:url\" content=\"https:\/\/www.vitbot.com\/ca\/distribuidors\" \/>\n<meta property=\"og:site_name\" content=\"Vitbot\" \/>\n<meta property=\"article:publisher\" content=\"https:\/\/www.facebook.com\/vitbotbottle\/\" \/>\n<meta property=\"article:modified_time\" content=\"2017-05-03T07:45:19+00:00\" \/>\n<meta name=\"twitter:card\" content=\"summary_large_image\" \/>\n<meta name=\"twitter:label1\" content=\"Temps estimat de lectura\" \/>\n\t<meta name=\"twitter:data1\" content=\"1 minut\" \/>\n<script type=\"application\/ld+json\" class=\"yoast-schema-graph\">{\"@context\":\"https:\/\/schema.org\",\"@graph\":[{\"@type\":\"WebPage\",\"@id\":\"https:\/\/www.vitbot.com\/ca\/distribuidors\",\"url\":\"https:\/\/www.vitbot.com\/ca\/distribuidors\",\"name\":\"Distribuidors - Vitbot\",\"isPartOf\":{\"@id\":\"https:\/\/www.vitbot.com\/ca#website\"},\"datePublished\":\"2017-05-02T18:37:02+00:00\",\"dateModified\":\"2017-05-03T07:45:19+00:00\",\"breadcrumb\":{\"@id\":\"https:\/\/www.vitbot.com\/ca\/distribuidors#breadcrumb\"},\"inLanguage\":\"ca\",\"potentialAction\":[{\"@type\":\"ReadAction\",\"target\":[\"https:\/\/www.vitbot.com\/ca\/distribuidors\"]}]},{\"@type\":\"BreadcrumbList\",\"@id\":\"https:\/\/www.vitbot.com\/ca\/distribuidors#breadcrumb\",\"itemListElement\":[{\"@type\":\"ListItem\",\"position\":1,\"name\":\"Home\",\"item\":\"https:\/\/www.vitbot.com\/ca\"},{\"@type\":\"ListItem\",\"position\":2,\"name\":\"Distribuidors\"}]},{\"@type\":\"WebSite\",\"@id\":\"https:\/\/www.vitbot.com\/ca#website\",\"url\":\"https:\/\/www.vitbot.com\/ca\",\"name\":\"Vitbot\",\"description\":\"Best Reusable Water Bottles | Vortex Bottle | Vitalizer Bottle\",\"publisher\":{\"@id\":\"https:\/\/www.vitbot.com\/ca#organization\"},\"potentialAction\":[{\"@type\":\"SearchAction\",\"target\":{\"@type\":\"EntryPoint\",\"urlTemplate\":\"https:\/\/www.vitbot.com\/ca?s={search_term_string}\"},\"query-input\":\"required name=search_term_string\"}],\"inLanguage\":\"ca\"},{\"@type\":\"Organization\",\"@id\":\"https:\/\/www.vitbot.com\/ca#organization\",\"name\":\"Vitbot Europe,S.L. NIF B66180548 Tel\u00e8fon Correu info@vitbot.com Direcci\u00f3 C\/ Almeria 40 F Poblaci\u00f3 Tarrasa Codi postal 08226 Pa\u00eds Espanya\",\"url\":\"https:\/\/www.vitbot.com\/ca\",\"logo\":{\"@type\":\"ImageObject\",\"inLanguage\":\"ca\",\"@id\":\"https:\/\/www.vitbot.com\/ca#\/schema\/logo\/image\/\",\"url\":\"https:\/\/www.vitbot.com\/wp-content\/uploads\/2017\/03\/vitbot_logo.png\",\"contentUrl\":\"https:\/\/www.vitbot.com\/wp-content\/uploads\/2017\/03\/vitbot_logo.png\",\"width\":84,\"height\":24,\"caption\":\"Vitbot Europe,S.L. NIF B66180548 Tel\u00e8fon Correu info@vitbot.com Direcci\u00f3 C\/ Almeria 40 F Poblaci\u00f3 Tarrasa Codi postal 08226 Pa\u00eds Espanya\"},\"image\":{\"@id\":\"https:\/\/www.vitbot.com\/ca#\/schema\/logo\/image\/\"},\"sameAs\":[\"https:\/\/www.facebook.com\/vitbotbottle\/\",\"https:\/\/www.instagram.com\/vitbotofficial\/\"]}]}<\/script>\n<!-- \/ Yoast SEO plugin. -->","yoast_head_json":{"title":"Distribuidors - Vitbot","robots":{"index":"index","follow":"follow","max-snippet":"max-snippet:-1","max-image-preview":"max-image-preview:large","max-video-preview":"max-video-preview:-1"},"canonical":"https:\/\/www.vitbot.com\/ca\/distribuidors","og_locale":"ca_ES","og_type":"article","og_title":"Distribuidors - Vitbot","og_description":"[vc_row fullwidth=&#8221;true&#8221; css=&#8221;.vc_custom_1492599920359{padding-top: 35px !important;padding-bottom: 10px !important;background-color: #50bedc !important;}&#8221;][vc_column][vc_column_text disable_pattern=&#8221;false&#8221; align=&#8221;center&#8221; el_class=&#8221;font-alternategn2d vitbot-color3 distribuidores-tit1&#8243;] DISTRIBUIDORS [\/vc_column_text][\/vc_column][\/vc_row][vc_row][vc_column][vc_empty_space][vc_column_text disable_pattern=&#8221;false&#8221; el_class=&#8221;font-din2014-l vitbot-color1 distri-txt&#8221;]Si t\u2019interessa ser un distribu\u00efdor Vitbot, si us plau, omple el q\u00fcestionari de sol\u00b7licitud.[\/vc_column_text][vc_column_text disable_pattern=&#8221;false&#8221; el_class=&#8221;font-alternategn2d vitbot-color1 distribuidores-tit2&#8243;] Q\u00fcestionari de Sol\u00b7licitud de Distribuci\u00f3 [\/vc_column_text][vc_column_text disable_pattern=&#8221;false&#8221; el_class=&#8221;font-din2014-l vitbot-color1 distri-txt&#8221;]Gr\u00e0cies pel teu inter\u00e8s en la distribuci\u00f3 de les [&hellip;]","og_url":"https:\/\/www.vitbot.com\/ca\/distribuidors","og_site_name":"Vitbot","article_publisher":"https:\/\/www.facebook.com\/vitbotbottle\/","article_modified_time":"2017-05-03T07:45:19+00:00","twitter_card":"summary_large_image","twitter_misc":{"Temps estimat de lectura":"1 minut"},"schema":{"@context":"https:\/\/schema.org","@graph":[{"@type":"WebPage","@id":"https:\/\/www.vitbot.com\/ca\/distribuidors","url":"https:\/\/www.vitbot.com\/ca\/distribuidors","name":"Distribuidors - Vitbot","isPartOf":{"@id":"https:\/\/www.vitbot.com\/ca#website"},"datePublished":"2017-05-02T18:37:02+00:00","dateModified":"2017-05-03T07:45:19+00:00","breadcrumb":{"@id":"https:\/\/www.vitbot.com\/ca\/distribuidors#breadcrumb"},"inLanguage":"ca","potentialAction":[{"@type":"ReadAction","target":["https:\/\/www.vitbot.com\/ca\/distribuidors"]}]},{"@type":"BreadcrumbList","@id":"https:\/\/www.vitbot.com\/ca\/distribuidors#breadcrumb","itemListElement":[{"@type":"ListItem","position":1,"name":"Home","item":"https:\/\/www.vitbot.com\/ca"},{"@type":"ListItem","position":2,"name":"Distribuidors"}]},{"@type":"WebSite","@id":"https:\/\/www.vitbot.com\/ca#website","url":"https:\/\/www.vitbot.com\/ca","name":"Vitbot","description":"Best Reusable Water Bottles | Vortex Bottle | Vitalizer Bottle","publisher":{"@id":"https:\/\/www.vitbot.com\/ca#organization"},"potentialAction":[{"@type":"SearchAction","target":{"@type":"EntryPoint","urlTemplate":"https:\/\/www.vitbot.com\/ca?s={search_term_string}"},"query-input":"required name=search_term_string"}],"inLanguage":"ca"},{"@type":"Organization","@id":"https:\/\/www.vitbot.com\/ca#organization","name":"Vitbot Europe,S.L. NIF B66180548 Tel\u00e8fon Correu info@vitbot.com Direcci\u00f3 C\/ Almeria 40 F Poblaci\u00f3 Tarrasa Codi postal 08226 Pa\u00eds Espanya","url":"https:\/\/www.vitbot.com\/ca","logo":{"@type":"ImageObject","inLanguage":"ca","@id":"https:\/\/www.vitbot.com\/ca#\/schema\/logo\/image\/","url":"https:\/\/www.vitbot.com\/wp-content\/uploads\/2017\/03\/vitbot_logo.png","contentUrl":"https:\/\/www.vitbot.com\/wp-content\/uploads\/2017\/03\/vitbot_logo.png","width":84,"height":24,"caption":"Vitbot Europe,S.L. NIF B66180548 Tel\u00e8fon Correu info@vitbot.com Direcci\u00f3 C\/ Almeria 40 F Poblaci\u00f3 Tarrasa Codi postal 08226 Pa\u00eds Espanya"},"image":{"@id":"https:\/\/www.vitbot.com\/ca#\/schema\/logo\/image\/"},"sameAs":["https:\/\/www.facebook.com\/vitbotbottle\/","https:\/\/www.instagram.com\/vitbotofficial\/"]}]}},"_links":{"self":[{"href":"https:\/\/www.vitbot.com\/ca\/wp-json\/wp\/v2\/pages\/1026"}],"collection":[{"href":"https:\/\/www.vitbot.com\/ca\/wp-json\/wp\/v2\/pages"}],"about":[{"href":"https:\/\/www.vitbot.com\/ca\/wp-json\/wp\/v2\/types\/page"}],"author":[{"embeddable":true,"href":"https:\/\/www.vitbot.com\/ca\/wp-json\/wp\/v2\/users\/1"}],"replies":[{"embeddable":true,"href":"https:\/\/www.vitbot.com\/ca\/wp-json\/wp\/v2\/comments?post=1026"}],"version-history":[{"count":0,"href":"https:\/\/www.vitbot.com\/ca\/wp-json\/wp\/v2\/pages\/1026\/revisions"}],"wp:attachment":[{"href":"https:\/\/www.vitbot.com\/ca\/wp-json\/wp\/v2\/media?parent=1026"}],"curies":[{"name":"wp","href":"https:\/\/api.w.org\/{rel}","templated":true}]}}