{"id":1024,"date":"2017-05-02T20:36:00","date_gmt":"2017-05-02T18:36:00","guid":{"rendered":"https:\/\/www.vitbot.com\/la-nostra-missio"},"modified":"2017-05-03T08:51:59","modified_gmt":"2017-05-03T06:51:59","slug":"la-nostra-missio","status":"publish","type":"page","link":"https:\/\/www.vitbot.com\/ca\/la-nostra-missio","title":{"rendered":"La Nostra Missi\u00f3"},"content":{"rendered":"[vc_row fullwidth=&#8221;true&#8221; equal_columns=&#8221;true&#8221; attached=&#8221;true&#8221; css=&#8221;.vc_custom_1492592768654{padding-top: 35px !important;padding-bottom: 10px !important;background-color: #322882 !important;}&#8221;][vc_column][vc_column_text disable_pattern=&#8221;false&#8221; align=&#8221;center&#8221; el_class=&#8221;vitbot-color3 font-alternategn2d nuestramision-tit1&#8243;]\n<h1>LA NOSTRA MISSI\u00d3:<br \/>\nUN MISSATGE EN CADA AMPOLLA<\/h1>\n[\/vc_column_text][\/vc_column][\/vc_row][vc_row css=&#8221;.vc_custom_1491157905840{margin-top: 50px !important;}&#8221;][vc_column width=&#8221;1\/2&#8243;][vc_column_text disable_pattern=&#8221;false&#8221; el_class=&#8221;font-din2014-l vitbot-color1 nuestramision-txt&#8221;]En la nostra inf\u00e0ncia v\u00e8iem una s\u00e8rie per a nens protagonitzada per un superheroi vestit de verd que es deia el &#8220;Capit\u00e0 Enciam&#8221;. El Capit\u00e0 Enciam apareixia al final de cada cap\u00edtol i amb les dues mans creuades sobre el pit exclamava: &#8220;Els petits canvis s\u00f3n poderosos&#8221;. La missi\u00f3 de Vitbot \u00e9s, a m\u00e9s de generar un petit i poder\u00f3s canvi dins el sector de l&#8217;envasament de begudes i l\u00edquids alimentaris, difondre \u00abLa Geometria de la Vida\u00bb.<\/p>\n<p>Les nostres ampolles s\u00f3n m\u00e9s que un simple env\u00e0s, cadascuna d&#8217;elles porta un missatge al seu interior que ens parla de la tecnologia de la natura.<br \/>\nLa forma de les Vitbot ens recorda que la naturalesa utilitza l&#8217;ovoide per guardar i preservar la vida. Ens recorda el disseny de les llavors, les fruites, els ous, la matriu &#8230;<\/p>\n<p>La proporci\u00f3 amb la qual estan dissenyades les Vitbot, ens remet al patr\u00f3 de creixement Phi, present en el creixement de les branques dels arbres, les pipes en els gira-sols, la distribuci\u00f3 dels fulls de molts cactus, la closca d&#8217;alguns cargols, els ossos de les mans, la forma de l&#8217;o\u00efda interna i externa &#8230;[\/vc_column_text][\/vc_column][vc_column width=&#8221;1\/2&#8243;][vc_column_text disable_pattern=&#8221;false&#8221; el_class=&#8221;font-din2014-l vitbot-color1 nuestramision-txt&#8221;]El moviment en v\u00f2rtex que permeten les ampolles Vitbot al seu interior, ens evoquen el gir dels huracans, els tornados, el vent, l&#8217;aigua en les deus, rius i oceans. Ens diu que la vida necessita el moviment per mantenir i optimitzar l&#8217;energia, per mantenir la vida. No hi ha vida sense moviment.<\/p>\n<p>Les ampolles Vitbot van n\u00e9ixer a partir de l&#8217;observaci\u00f3 de la natura. Per aix\u00f2 destinarem un 5% dels nostres beneficis a difondre tot el que hem apr\u00e8s d&#8217;ella, especialment a nens i joves, perqu\u00e8 obrin la seva mirada. Estem conven\u00e7uts que con\u00e8ixer amb m\u00e9s profunditat les caracter\u00edstiques de l&#8217;univers en el qual vivim, ens converteix en persones m\u00e9s s\u00e0vies i respectuoses.<\/p>\n<p>Amb les ampolles Vitbot hem convertit el simple fet de beure en un acte de vida. Estem conven\u00e7uts que els petits gestos del nostre dia a dia, s\u00f3n els que realment tenen el poder de canviar el m\u00f3n.[\/vc_column_text][\/vc_column][\/vc_row][vc_row][vc_column][vc_empty_space height=&#8221;75px&#8221;][\/vc_column][\/vc_row]\n","protected":false},"excerpt":{"rendered":"<p>[vc_row fullwidth=&#8221;true&#8221; equal_columns=&#8221;true&#8221; attached=&#8221;true&#8221; css=&#8221;.vc_custom_1492592768654{padding-top: 35px !important;padding-bottom: 10px !important;background-color: #322882 !important;}&#8221;][vc_column][vc_column_text disable_pattern=&#8221;false&#8221; align=&#8221;center&#8221; el_class=&#8221;vitbot-color3 font-alternategn2d nuestramision-tit1&#8243;] LA NOSTRA MISSI\u00d3: UN MISSATGE EN CADA AMPOLLA [\/vc_column_text][\/vc_column][\/vc_row][vc_row css=&#8221;.vc_custom_1491157905840{margin-top: 50px !important;}&#8221;][vc_column width=&#8221;1\/2&#8243;][vc_column_text disable_pattern=&#8221;false&#8221; el_class=&#8221;font-din2014-l vitbot-color1 nuestramision-txt&#8221;]En la nostra inf\u00e0ncia v\u00e8iem una s\u00e8rie per a nens protagonitzada per un superheroi vestit de verd que es deia el &#8220;Capit\u00e0 Enciam&#8221;. [&hellip;]<\/p>\n","protected":false},"author":1,"featured_media":0,"parent":0,"menu_order":31,"comment_status":"closed","ping_status":"closed","template":"","meta":{"_monsterinsights_skip_tracking":false,"_monsterinsights_sitenote_active":false,"_monsterinsights_sitenote_note":"","_monsterinsights_sitenote_category":0},"yoast_head":"<!-- This site is optimized with the Yoast SEO plugin v20.1 - https:\/\/yoast.com\/wordpress\/plugins\/seo\/ -->\n<title>La Nostra Missi\u00f3 - Vitbot<\/title>\n<meta name=\"robots\" content=\"index, follow, max-snippet:-1, max-image-preview:large, max-video-preview:-1\" \/>\n<link rel=\"canonical\" href=\"https:\/\/www.vitbot.com\/ca\/la-nostra-missio\" \/>\n<meta property=\"og:locale\" content=\"ca_ES\" \/>\n<meta property=\"og:type\" content=\"article\" \/>\n<meta property=\"og:title\" content=\"La Nostra Missi\u00f3 - Vitbot\" \/>\n<meta property=\"og:description\" content=\"[vc_row fullwidth=&#8221;true&#8221; equal_columns=&#8221;true&#8221; attached=&#8221;true&#8221; css=&#8221;.vc_custom_1492592768654{padding-top: 35px !important;padding-bottom: 10px !important;background-color: #322882 !important;}&#8221;][vc_column][vc_column_text disable_pattern=&#8221;false&#8221; align=&#8221;center&#8221; el_class=&#8221;vitbot-color3 font-alternategn2d nuestramision-tit1&#8243;] LA NOSTRA MISSI\u00d3: UN MISSATGE EN CADA AMPOLLA [\/vc_column_text][\/vc_column][\/vc_row][vc_row css=&#8221;.vc_custom_1491157905840{margin-top: 50px !important;}&#8221;][vc_column width=&#8221;1\/2&#8243;][vc_column_text disable_pattern=&#8221;false&#8221; el_class=&#8221;font-din2014-l vitbot-color1 nuestramision-txt&#8221;]En la nostra inf\u00e0ncia v\u00e8iem una s\u00e8rie per a nens protagonitzada per un superheroi vestit de verd que es deia el &#8220;Capit\u00e0 Enciam&#8221;. [&hellip;]\" \/>\n<meta property=\"og:url\" content=\"https:\/\/www.vitbot.com\/ca\/la-nostra-missio\" \/>\n<meta property=\"og:site_name\" content=\"Vitbot\" \/>\n<meta property=\"article:publisher\" content=\"https:\/\/www.facebook.com\/vitbotbottle\/\" \/>\n<meta property=\"article:modified_time\" content=\"2017-05-03T06:51:59+00:00\" \/>\n<meta name=\"twitter:card\" content=\"summary_large_image\" \/>\n<meta name=\"twitter:label1\" content=\"Temps estimat de lectura\" \/>\n\t<meta name=\"twitter:data1\" content=\"2 minuts\" \/>\n<script type=\"application\/ld+json\" class=\"yoast-schema-graph\">{\"@context\":\"https:\/\/schema.org\",\"@graph\":[{\"@type\":\"WebPage\",\"@id\":\"https:\/\/www.vitbot.com\/ca\/la-nostra-missio\",\"url\":\"https:\/\/www.vitbot.com\/ca\/la-nostra-missio\",\"name\":\"La Nostra Missi\u00f3 - Vitbot\",\"isPartOf\":{\"@id\":\"https:\/\/www.vitbot.com\/ca#website\"},\"datePublished\":\"2017-05-02T18:36:00+00:00\",\"dateModified\":\"2017-05-03T06:51:59+00:00\",\"breadcrumb\":{\"@id\":\"https:\/\/www.vitbot.com\/ca\/la-nostra-missio#breadcrumb\"},\"inLanguage\":\"ca\",\"potentialAction\":[{\"@type\":\"ReadAction\",\"target\":[\"https:\/\/www.vitbot.com\/ca\/la-nostra-missio\"]}]},{\"@type\":\"BreadcrumbList\",\"@id\":\"https:\/\/www.vitbot.com\/ca\/la-nostra-missio#breadcrumb\",\"itemListElement\":[{\"@type\":\"ListItem\",\"position\":1,\"name\":\"Home\",\"item\":\"https:\/\/www.vitbot.com\/ca\"},{\"@type\":\"ListItem\",\"position\":2,\"name\":\"La Nostra Missi\u00f3\"}]},{\"@type\":\"WebSite\",\"@id\":\"https:\/\/www.vitbot.com\/ca#website\",\"url\":\"https:\/\/www.vitbot.com\/ca\",\"name\":\"Vitbot\",\"description\":\"Best Reusable Water Bottles | Vortex Bottle | Vitalizer Bottle\",\"publisher\":{\"@id\":\"https:\/\/www.vitbot.com\/ca#organization\"},\"potentialAction\":[{\"@type\":\"SearchAction\",\"target\":{\"@type\":\"EntryPoint\",\"urlTemplate\":\"https:\/\/www.vitbot.com\/ca?s={search_term_string}\"},\"query-input\":\"required name=search_term_string\"}],\"inLanguage\":\"ca\"},{\"@type\":\"Organization\",\"@id\":\"https:\/\/www.vitbot.com\/ca#organization\",\"name\":\"Vitbot Europe,S.L. NIF B66180548 Tel\u00e8fon Correu info@vitbot.com Direcci\u00f3 C\/ Almeria 40 F Poblaci\u00f3 Tarrasa Codi postal 08226 Pa\u00eds Espanya\",\"url\":\"https:\/\/www.vitbot.com\/ca\",\"logo\":{\"@type\":\"ImageObject\",\"inLanguage\":\"ca\",\"@id\":\"https:\/\/www.vitbot.com\/ca#\/schema\/logo\/image\/\",\"url\":\"https:\/\/www.vitbot.com\/wp-content\/uploads\/2017\/03\/vitbot_logo.png\",\"contentUrl\":\"https:\/\/www.vitbot.com\/wp-content\/uploads\/2017\/03\/vitbot_logo.png\",\"width\":84,\"height\":24,\"caption\":\"Vitbot Europe,S.L. NIF B66180548 Tel\u00e8fon Correu info@vitbot.com Direcci\u00f3 C\/ Almeria 40 F Poblaci\u00f3 Tarrasa Codi postal 08226 Pa\u00eds Espanya\"},\"image\":{\"@id\":\"https:\/\/www.vitbot.com\/ca#\/schema\/logo\/image\/\"},\"sameAs\":[\"https:\/\/www.facebook.com\/vitbotbottle\/\",\"https:\/\/www.instagram.com\/vitbotofficial\/\"]}]}<\/script>\n<!-- \/ Yoast SEO plugin. -->","yoast_head_json":{"title":"La Nostra Missi\u00f3 - Vitbot","robots":{"index":"index","follow":"follow","max-snippet":"max-snippet:-1","max-image-preview":"max-image-preview:large","max-video-preview":"max-video-preview:-1"},"canonical":"https:\/\/www.vitbot.com\/ca\/la-nostra-missio","og_locale":"ca_ES","og_type":"article","og_title":"La Nostra Missi\u00f3 - Vitbot","og_description":"[vc_row fullwidth=&#8221;true&#8221; equal_columns=&#8221;true&#8221; attached=&#8221;true&#8221; css=&#8221;.vc_custom_1492592768654{padding-top: 35px !important;padding-bottom: 10px !important;background-color: #322882 !important;}&#8221;][vc_column][vc_column_text disable_pattern=&#8221;false&#8221; align=&#8221;center&#8221; el_class=&#8221;vitbot-color3 font-alternategn2d nuestramision-tit1&#8243;] LA NOSTRA MISSI\u00d3: UN MISSATGE EN CADA AMPOLLA [\/vc_column_text][\/vc_column][\/vc_row][vc_row css=&#8221;.vc_custom_1491157905840{margin-top: 50px !important;}&#8221;][vc_column width=&#8221;1\/2&#8243;][vc_column_text disable_pattern=&#8221;false&#8221; el_class=&#8221;font-din2014-l vitbot-color1 nuestramision-txt&#8221;]En la nostra inf\u00e0ncia v\u00e8iem una s\u00e8rie per a nens protagonitzada per un superheroi vestit de verd que es deia el &#8220;Capit\u00e0 Enciam&#8221;. [&hellip;]","og_url":"https:\/\/www.vitbot.com\/ca\/la-nostra-missio","og_site_name":"Vitbot","article_publisher":"https:\/\/www.facebook.com\/vitbotbottle\/","article_modified_time":"2017-05-03T06:51:59+00:00","twitter_card":"summary_large_image","twitter_misc":{"Temps estimat de lectura":"2 minuts"},"schema":{"@context":"https:\/\/schema.org","@graph":[{"@type":"WebPage","@id":"https:\/\/www.vitbot.com\/ca\/la-nostra-missio","url":"https:\/\/www.vitbot.com\/ca\/la-nostra-missio","name":"La Nostra Missi\u00f3 - Vitbot","isPartOf":{"@id":"https:\/\/www.vitbot.com\/ca#website"},"datePublished":"2017-05-02T18:36:00+00:00","dateModified":"2017-05-03T06:51:59+00:00","breadcrumb":{"@id":"https:\/\/www.vitbot.com\/ca\/la-nostra-missio#breadcrumb"},"inLanguage":"ca","potentialAction":[{"@type":"ReadAction","target":["https:\/\/www.vitbot.com\/ca\/la-nostra-missio"]}]},{"@type":"BreadcrumbList","@id":"https:\/\/www.vitbot.com\/ca\/la-nostra-missio#breadcrumb","itemListElement":[{"@type":"ListItem","position":1,"name":"Home","item":"https:\/\/www.vitbot.com\/ca"},{"@type":"ListItem","position":2,"name":"La Nostra Missi\u00f3"}]},{"@type":"WebSite","@id":"https:\/\/www.vitbot.com\/ca#website","url":"https:\/\/www.vitbot.com\/ca","name":"Vitbot","description":"Best Reusable Water Bottles | Vortex Bottle | Vitalizer Bottle","publisher":{"@id":"https:\/\/www.vitbot.com\/ca#organization"},"potentialAction":[{"@type":"SearchAction","target":{"@type":"EntryPoint","urlTemplate":"https:\/\/www.vitbot.com\/ca?s={search_term_string}"},"query-input":"required name=search_term_string"}],"inLanguage":"ca"},{"@type":"Organization","@id":"https:\/\/www.vitbot.com\/ca#organization","name":"Vitbot Europe,S.L. NIF B66180548 Tel\u00e8fon Correu info@vitbot.com Direcci\u00f3 C\/ Almeria 40 F Poblaci\u00f3 Tarrasa Codi postal 08226 Pa\u00eds Espanya","url":"https:\/\/www.vitbot.com\/ca","logo":{"@type":"ImageObject","inLanguage":"ca","@id":"https:\/\/www.vitbot.com\/ca#\/schema\/logo\/image\/","url":"https:\/\/www.vitbot.com\/wp-content\/uploads\/2017\/03\/vitbot_logo.png","contentUrl":"https:\/\/www.vitbot.com\/wp-content\/uploads\/2017\/03\/vitbot_logo.png","width":84,"height":24,"caption":"Vitbot Europe,S.L. NIF B66180548 Tel\u00e8fon Correu info@vitbot.com Direcci\u00f3 C\/ Almeria 40 F Poblaci\u00f3 Tarrasa Codi postal 08226 Pa\u00eds Espanya"},"image":{"@id":"https:\/\/www.vitbot.com\/ca#\/schema\/logo\/image\/"},"sameAs":["https:\/\/www.facebook.com\/vitbotbottle\/","https:\/\/www.instagram.com\/vitbotofficial\/"]}]}},"_links":{"self":[{"href":"https:\/\/www.vitbot.com\/ca\/wp-json\/wp\/v2\/pages\/1024"}],"collection":[{"href":"https:\/\/www.vitbot.com\/ca\/wp-json\/wp\/v2\/pages"}],"about":[{"href":"https:\/\/www.vitbot.com\/ca\/wp-json\/wp\/v2\/types\/page"}],"author":[{"embeddable":true,"href":"https:\/\/www.vitbot.com\/ca\/wp-json\/wp\/v2\/users\/1"}],"replies":[{"embeddable":true,"href":"https:\/\/www.vitbot.com\/ca\/wp-json\/wp\/v2\/comments?post=1024"}],"version-history":[{"count":0,"href":"https:\/\/www.vitbot.com\/ca\/wp-json\/wp\/v2\/pages\/1024\/revisions"}],"wp:attachment":[{"href":"https:\/\/www.vitbot.com\/ca\/wp-json\/wp\/v2\/media?parent=1024"}],"curies":[{"name":"wp","href":"https:\/\/api.w.org\/{rel}","templated":true}]}}