{"id":1022,"date":"2017-05-02T20:34:32","date_gmt":"2017-05-02T18:34:32","guid":{"rendered":"https:\/\/www.vitbot.com\/la-generacio-liquida"},"modified":"2017-05-03T09:51:14","modified_gmt":"2017-05-03T07:51:14","slug":"la-generacio-liquida","status":"publish","type":"page","link":"https:\/\/www.vitbot.com\/ca\/la-generacio-liquida","title":{"rendered":"La Generaci\u00f3 L\u00edquida"},"content":{"rendered":"[vc_row fullwidth=&#8221;true&#8221; equal_columns=&#8221;true&#8221; css=&#8221;.vc_custom_1490864043520{background-color: #ffffff !important;}&#8221;][vc_column][vc_single_image image=&#8221;768&#8243; img_size=&#8221;full&#8221; css=&#8221;.vc_custom_1492795674466{margin-top: 0px !important;margin-right: 0px !important;margin-bottom: 0px !important;margin-left: 0px !important;}&#8221;][\/vc_column][\/vc_row][vc_row css=&#8221;.vc_custom_1490287549845{background-color: #ffffff !important;}&#8221;][vc_column][vc_empty_space height=&#8221;45px&#8221;][vc_column_text disable_pattern=&#8221;false&#8221; el_class=&#8221;genli-tit1 vitbot-color1 font-din2014-b&#8221;]\n<h1>LA GENERACI\u00d3 L\u00cdQUIDA<\/h1>\n[\/vc_column_text][\/vc_column][\/vc_row][vc_row css=&#8221;.vc_custom_1490287549845{background-color: #ffffff !important;}&#8221;][vc_column width=&#8221;1\/2&#8243;][vc_column_text disable_pattern=&#8221;false&#8221; el_class=&#8221;font-din2014-l genli-txt&#8221;]El cos dels \u00e9ssers humans \u00e9s aigua d&#8217;un vuitanta, en n\u00e9ixer, a un setanta per cent en l&#8217;edat adulta. Som \u00ab\u00e9ssers l\u00edquids\u00bb.<\/p>\n<p>A Vitbot creiem que l&#8217;aigua \u00e9s m\u00e9s que una beguda que ens treu la set, \u00e9s el nostre aliment essencial, l&#8217;\u00fanic del que no podem prescindir. Conven\u00e7uts del valor que t\u00e9 l&#8217;aigua per a tots els \u00e9ssers que habitem el planeta Terra, hem creat el \u00abMoviment de la Generaci\u00f3 L\u00edquida\u00bb.<\/p>\n<p>El \u00abMoviment de la Generaci\u00f3 L\u00edquida\u00bb neix amb la idea de connectar a totes les persones, empreses, entitats i organitzacions que, com nosaltres, coneixen les propietats i els potencials de l&#8217;aigua i dediquen el seu temps, diners i \/ o esfor\u00e7 a protegir-la.[\/vc_column_text][\/vc_column][vc_column width=&#8221;1\/2&#8243;][vc_column_text disable_pattern=&#8221;false&#8221; el_class=&#8221;font-din2014-l genli-txt&#8221;]<strong>Dins del \u00abMoviment de la Generaci\u00f3 L\u00edquida\u00bb tenen cabuda:<\/strong><\/p>\n<ul>\n<li>Les persones que tenen cura de l&#8217;aigua que beuen i beuen l&#8217;aigua de la que tenen cura.<\/li>\n<li>Les entitats i organismes que treballen per netejar els residus dels rius, mars i oceans.<\/li>\n<li>Les empreses que han fet del reciclatge del pl\u00e0stic dels oceans el centre del seu negoci.<\/li>\n<li>Els cient\u00edfics que estudien i divulguen els misteris i les caracter\u00edstiques de l&#8217;aigua, tant a nivell f\u00edsic com subtil.<\/li>\n<\/ul>\n<p>Amb el \u00abMoviment de la Generaci\u00f3 L\u00edquida\u00bb volem crear una xarxa, un lloc de trobada, una plataforma per donar veu a l&#8217;aigua. A Vitbot creiem que cadascun de nosaltres \u00e9s com una onada dins el gran oce\u00e0 de la vida. Units podem generar un poder\u00f3s moviment de canvi positiu. Comparteix al nostre Instagram i Facebook les fotografies, comentaris o treballs que consideris rellevants en aquest sentit.<br \/>\n[\/vc_column_text][\/vc_column][\/vc_row][vc_row][vc_column][vc_empty_space height=&#8221;30px&#8221;][\/vc_column][\/vc_row][vc_row fullwidth=&#8221;true&#8221; fullwidth_content=&#8221;false&#8221; equal_columns=&#8221;true&#8221; css=&#8221;.vc_custom_1491206402978{padding-top: 110px !important;padding-bottom: 90px !important;background-color: #1e0064 !important;}&#8221;][vc_column width=&#8221;1\/2&#8243;][vc_column_text disable_pattern=&#8221;false&#8221; el_class=&#8221;font-alternategn2d vitbot-color2 vidlink-txt&#8221;]\n<h3>Luc Montagnier (Premi Nobel de Medicina): La mem\u00f2ria de l&#8217;aigua<\/h3>\n[\/vc_column_text][vc_column_text disable_pattern=&#8221;false&#8221; el_class=&#8221;font-din2014-l vidlink-txt vitbot-color3&#8243;]L&#8217;aigua \u00e9s l&#8217;element clau de la vida, per\u00f2 aquest element que pensem que coneix\u00edem b\u00e9, pot tenir propietats inesperades i podria tenir un paper m\u00e9s gran del que podr\u00edem imaginar en el nostre arbre de la vida. (Castell\u00e0)[\/vc_column_text][\/vc_column][vc_column width=&#8221;1\/2&#8243;][vc_video link=&#8221;https:\/\/www.youtube.com\/watch?v=R8VyUsVOic0&amp;vq=1080&#8243;][\/vc_column][\/vc_row][vc_row][vc_column][vc_empty_space height=&#8221;90px&#8221;][\/vc_column][\/vc_row][vc_row fullwidth=&#8221;true&#8221; fullwidth_content=&#8221;false&#8221; equal_columns=&#8221;true&#8221;][vc_column width=&#8221;1\/2&#8243;][vc_column_text disable_pattern=&#8221;false&#8221; el_class=&#8221;font-alternategn2d vitbot-color2 vidlink-txt&#8221;]\n<h3>Parley for the Oceans<\/h3>\n[\/vc_column_text][vc_column_text disable_pattern=&#8221;false&#8221; el_class=&#8221;font-din2014-l vidlink-txt&#8221;]Aborda les principals amenaces als nostres oceans, l&#8217;ecosistema m\u00e9s important del nostre planeta. <a href=\"http:\/\/www.parley.tv\/talks\/#parley-talks1\" target=\"_blank\" rel=\"noopener noreferrer\">http:\/\/www.parley.tv\/talks\/#parley-talks1<\/a>[\/vc_column_text][vc_column_text disable_pattern=&#8221;false&#8221; el_class=&#8221;font-alternategn2d vitbot-color2 genli-txt vidlink-txt&#8221;]\n<h3>Ocean Cleanup<\/h3>\n[\/vc_column_text][vc_column_text disable_pattern=&#8221;false&#8221; el_class=&#8221;font-din2014-l vidlink-txt&#8221;]Desenvolupa tecnologies avan\u00e7ades per eliminar el pl\u00e0stic dels oceans del m\u00f3n. El seu sistema passiu podria eliminar te\u00f2ricament al voltant de la meitat de les escombraries de l&#8217;Oce\u00e0 Pac\u00edfic en 10 anys. <a href=\"https:\/\/www.theoceancleanup.com\" target=\"_blank\" rel=\"noopener noreferrer\">https:\/\/www.theoceancleanup.com<\/a>[\/vc_column_text][vc_column_text disable_pattern=&#8221;false&#8221; el_class=&#8221;font-alternategn2d vitbot-color2 vidlink-txt&#8221;]\n<h3>Ocean Conservancy<\/h3>\n[\/vc_column_text][vc_column_text disable_pattern=&#8221;false&#8221; el_class=&#8221;font-din2014-l vidlink-txt&#8221;]Mobilitza ciutadans per facilitar el canvi i protegir l&#8217;oce\u00e0 per a les generacions futures. <a href=\"http:\/\/www.oceanconservancy.org\/our-work\/marine-debris\/\" target=\"_blank\" rel=\"noopener noreferrer\">http:\/\/www.oceanconservancy.org\/our-work\/marine-debris\/<\/a>[\/vc_column_text][\/vc_column][vc_column width=&#8221;1\/2&#8243;][vc_column_text disable_pattern=&#8221;false&#8221; el_class=&#8221;font-alternategn2d vitbot-color2 vidlink-txt&#8221;]\n<h3>ECOALF<\/h3>\n[\/vc_column_text][vc_column_text disable_pattern=&#8221;false&#8221; el_class=&#8221;font-din2014-l vidlink-txt&#8221;]\u00c9s una marca sostenible que fabrica roba, peces de vestir i accessoris funcionals a partir de materials reciclats dels oceans. <a href=\"http:\/\/www.oceanconservancy.org\/our-work\/marine-debris\/\" target=\"_blank\" rel=\"noopener noreferrer\">http:\/\/www.oceanconservancy.org\/our-work\/marine-debris\/<\/a>[\/vc_column_text][vc_column_text disable_pattern=&#8221;false&#8221; el_class=&#8221;font-alternategn2d vitbot-color2 vidlink-txt&#8221;]\n<h3>Sustainable architecture<\/h3>\n[\/vc_column_text][vc_column_text disable_pattern=&#8221;false&#8221; el_class=&#8221;font-din2014-l vidlink-txt&#8221;]Utilitzen materials reciclats dels oceans <a href=\"http:\/\/www.sparkarchitects.com\" target=\"_blank\" rel=\"noopener noreferrer\">http:\/\/www.sparkarchitects.com<\/a>[\/vc_column_text][\/vc_column][\/vc_row][vc_row][vc_column width=&#8221;1\/2&#8243;][vc_empty_space height=&#8221;90px&#8221;][\/vc_column][vc_column width=&#8221;1\/2&#8243;][\/vc_column][\/vc_row]\n","protected":false},"excerpt":{"rendered":"<p>[vc_row fullwidth=&#8221;true&#8221; equal_columns=&#8221;true&#8221; css=&#8221;.vc_custom_1490864043520{background-color: #ffffff !important;}&#8221;][vc_column][vc_single_image image=&#8221;768&#8243; img_size=&#8221;full&#8221; css=&#8221;.vc_custom_1492795674466{margin-top: 0px !important;margin-right: 0px !important;margin-bottom: 0px !important;margin-left: 0px !important;}&#8221;][\/vc_column][\/vc_row][vc_row css=&#8221;.vc_custom_1490287549845{background-color: #ffffff !important;}&#8221;][vc_column][vc_empty_space height=&#8221;45px&#8221;][vc_column_text disable_pattern=&#8221;false&#8221; el_class=&#8221;genli-tit1 vitbot-color1 font-din2014-b&#8221;] LA GENERACI\u00d3 L\u00cdQUIDA [\/vc_column_text][\/vc_column][\/vc_row][vc_row css=&#8221;.vc_custom_1490287549845{background-color: #ffffff !important;}&#8221;][vc_column width=&#8221;1\/2&#8243;][vc_column_text disable_pattern=&#8221;false&#8221; el_class=&#8221;font-din2014-l genli-txt&#8221;]El cos dels \u00e9ssers humans \u00e9s aigua d&#8217;un vuitanta, en n\u00e9ixer, a un setanta per cent en l&#8217;edat adulta. Som [&hellip;]<\/p>\n","protected":false},"author":1,"featured_media":0,"parent":0,"menu_order":11,"comment_status":"closed","ping_status":"closed","template":"","meta":{"_monsterinsights_skip_tracking":false,"_monsterinsights_sitenote_active":false,"_monsterinsights_sitenote_note":"","_monsterinsights_sitenote_category":0},"yoast_head":"<!-- This site is optimized with the Yoast SEO plugin v20.1 - https:\/\/yoast.com\/wordpress\/plugins\/seo\/ -->\n<title>La Generaci\u00f3 L\u00edquida - Vitbot<\/title>\n<meta name=\"robots\" content=\"index, follow, max-snippet:-1, max-image-preview:large, max-video-preview:-1\" \/>\n<link rel=\"canonical\" href=\"https:\/\/www.vitbot.com\/ca\/la-generacio-liquida\" \/>\n<meta property=\"og:locale\" content=\"ca_ES\" \/>\n<meta property=\"og:type\" content=\"article\" \/>\n<meta property=\"og:title\" content=\"La Generaci\u00f3 L\u00edquida - Vitbot\" \/>\n<meta property=\"og:description\" content=\"[vc_row fullwidth=&#8221;true&#8221; equal_columns=&#8221;true&#8221; css=&#8221;.vc_custom_1490864043520{background-color: #ffffff !important;}&#8221;][vc_column][vc_single_image image=&#8221;768&#8243; img_size=&#8221;full&#8221; css=&#8221;.vc_custom_1492795674466{margin-top: 0px !important;margin-right: 0px !important;margin-bottom: 0px !important;margin-left: 0px !important;}&#8221;][\/vc_column][\/vc_row][vc_row css=&#8221;.vc_custom_1490287549845{background-color: #ffffff !important;}&#8221;][vc_column][vc_empty_space height=&#8221;45px&#8221;][vc_column_text disable_pattern=&#8221;false&#8221; el_class=&#8221;genli-tit1 vitbot-color1 font-din2014-b&#8221;] LA GENERACI\u00d3 L\u00cdQUIDA [\/vc_column_text][\/vc_column][\/vc_row][vc_row css=&#8221;.vc_custom_1490287549845{background-color: #ffffff !important;}&#8221;][vc_column width=&#8221;1\/2&#8243;][vc_column_text disable_pattern=&#8221;false&#8221; el_class=&#8221;font-din2014-l genli-txt&#8221;]El cos dels \u00e9ssers humans \u00e9s aigua d&#8217;un vuitanta, en n\u00e9ixer, a un setanta per cent en l&#8217;edat adulta. Som [&hellip;]\" \/>\n<meta property=\"og:url\" content=\"https:\/\/www.vitbot.com\/ca\/la-generacio-liquida\" \/>\n<meta property=\"og:site_name\" content=\"Vitbot\" \/>\n<meta property=\"article:publisher\" content=\"https:\/\/www.facebook.com\/vitbotbottle\/\" \/>\n<meta property=\"article:modified_time\" content=\"2017-05-03T07:51:14+00:00\" \/>\n<meta name=\"twitter:card\" content=\"summary_large_image\" \/>\n<meta name=\"twitter:label1\" content=\"Temps estimat de lectura\" \/>\n\t<meta name=\"twitter:data1\" content=\"4 minuts\" \/>\n<script type=\"application\/ld+json\" class=\"yoast-schema-graph\">{\"@context\":\"https:\/\/schema.org\",\"@graph\":[{\"@type\":\"WebPage\",\"@id\":\"https:\/\/www.vitbot.com\/ca\/la-generacio-liquida\",\"url\":\"https:\/\/www.vitbot.com\/ca\/la-generacio-liquida\",\"name\":\"La Generaci\u00f3 L\u00edquida - Vitbot\",\"isPartOf\":{\"@id\":\"https:\/\/www.vitbot.com\/ca#website\"},\"datePublished\":\"2017-05-02T18:34:32+00:00\",\"dateModified\":\"2017-05-03T07:51:14+00:00\",\"breadcrumb\":{\"@id\":\"https:\/\/www.vitbot.com\/ca\/la-generacio-liquida#breadcrumb\"},\"inLanguage\":\"ca\",\"potentialAction\":[{\"@type\":\"ReadAction\",\"target\":[\"https:\/\/www.vitbot.com\/ca\/la-generacio-liquida\"]}]},{\"@type\":\"BreadcrumbList\",\"@id\":\"https:\/\/www.vitbot.com\/ca\/la-generacio-liquida#breadcrumb\",\"itemListElement\":[{\"@type\":\"ListItem\",\"position\":1,\"name\":\"Home\",\"item\":\"https:\/\/www.vitbot.com\/ca\"},{\"@type\":\"ListItem\",\"position\":2,\"name\":\"La Generaci\u00f3 L\u00edquida\"}]},{\"@type\":\"WebSite\",\"@id\":\"https:\/\/www.vitbot.com\/ca#website\",\"url\":\"https:\/\/www.vitbot.com\/ca\",\"name\":\"Vitbot\",\"description\":\"Best Reusable Water Bottles | Vortex Bottle | Vitalizer Bottle\",\"publisher\":{\"@id\":\"https:\/\/www.vitbot.com\/ca#organization\"},\"potentialAction\":[{\"@type\":\"SearchAction\",\"target\":{\"@type\":\"EntryPoint\",\"urlTemplate\":\"https:\/\/www.vitbot.com\/ca?s={search_term_string}\"},\"query-input\":\"required name=search_term_string\"}],\"inLanguage\":\"ca\"},{\"@type\":\"Organization\",\"@id\":\"https:\/\/www.vitbot.com\/ca#organization\",\"name\":\"Vitbot Europe,S.L. NIF B66180548 Tel\u00e8fon Correu info@vitbot.com Direcci\u00f3 C\/ Almeria 40 F Poblaci\u00f3 Tarrasa Codi postal 08226 Pa\u00eds Espanya\",\"url\":\"https:\/\/www.vitbot.com\/ca\",\"logo\":{\"@type\":\"ImageObject\",\"inLanguage\":\"ca\",\"@id\":\"https:\/\/www.vitbot.com\/ca#\/schema\/logo\/image\/\",\"url\":\"https:\/\/www.vitbot.com\/wp-content\/uploads\/2017\/03\/vitbot_logo.png\",\"contentUrl\":\"https:\/\/www.vitbot.com\/wp-content\/uploads\/2017\/03\/vitbot_logo.png\",\"width\":84,\"height\":24,\"caption\":\"Vitbot Europe,S.L. NIF B66180548 Tel\u00e8fon Correu info@vitbot.com Direcci\u00f3 C\/ Almeria 40 F Poblaci\u00f3 Tarrasa Codi postal 08226 Pa\u00eds Espanya\"},\"image\":{\"@id\":\"https:\/\/www.vitbot.com\/ca#\/schema\/logo\/image\/\"},\"sameAs\":[\"https:\/\/www.facebook.com\/vitbotbottle\/\",\"https:\/\/www.instagram.com\/vitbotofficial\/\"]}]}<\/script>\n<!-- \/ Yoast SEO plugin. -->","yoast_head_json":{"title":"La Generaci\u00f3 L\u00edquida - Vitbot","robots":{"index":"index","follow":"follow","max-snippet":"max-snippet:-1","max-image-preview":"max-image-preview:large","max-video-preview":"max-video-preview:-1"},"canonical":"https:\/\/www.vitbot.com\/ca\/la-generacio-liquida","og_locale":"ca_ES","og_type":"article","og_title":"La Generaci\u00f3 L\u00edquida - Vitbot","og_description":"[vc_row fullwidth=&#8221;true&#8221; equal_columns=&#8221;true&#8221; css=&#8221;.vc_custom_1490864043520{background-color: #ffffff !important;}&#8221;][vc_column][vc_single_image image=&#8221;768&#8243; img_size=&#8221;full&#8221; css=&#8221;.vc_custom_1492795674466{margin-top: 0px !important;margin-right: 0px !important;margin-bottom: 0px !important;margin-left: 0px !important;}&#8221;][\/vc_column][\/vc_row][vc_row css=&#8221;.vc_custom_1490287549845{background-color: #ffffff !important;}&#8221;][vc_column][vc_empty_space height=&#8221;45px&#8221;][vc_column_text disable_pattern=&#8221;false&#8221; el_class=&#8221;genli-tit1 vitbot-color1 font-din2014-b&#8221;] LA GENERACI\u00d3 L\u00cdQUIDA [\/vc_column_text][\/vc_column][\/vc_row][vc_row css=&#8221;.vc_custom_1490287549845{background-color: #ffffff !important;}&#8221;][vc_column width=&#8221;1\/2&#8243;][vc_column_text disable_pattern=&#8221;false&#8221; el_class=&#8221;font-din2014-l genli-txt&#8221;]El cos dels \u00e9ssers humans \u00e9s aigua d&#8217;un vuitanta, en n\u00e9ixer, a un setanta per cent en l&#8217;edat adulta. Som [&hellip;]","og_url":"https:\/\/www.vitbot.com\/ca\/la-generacio-liquida","og_site_name":"Vitbot","article_publisher":"https:\/\/www.facebook.com\/vitbotbottle\/","article_modified_time":"2017-05-03T07:51:14+00:00","twitter_card":"summary_large_image","twitter_misc":{"Temps estimat de lectura":"4 minuts"},"schema":{"@context":"https:\/\/schema.org","@graph":[{"@type":"WebPage","@id":"https:\/\/www.vitbot.com\/ca\/la-generacio-liquida","url":"https:\/\/www.vitbot.com\/ca\/la-generacio-liquida","name":"La Generaci\u00f3 L\u00edquida - Vitbot","isPartOf":{"@id":"https:\/\/www.vitbot.com\/ca#website"},"datePublished":"2017-05-02T18:34:32+00:00","dateModified":"2017-05-03T07:51:14+00:00","breadcrumb":{"@id":"https:\/\/www.vitbot.com\/ca\/la-generacio-liquida#breadcrumb"},"inLanguage":"ca","potentialAction":[{"@type":"ReadAction","target":["https:\/\/www.vitbot.com\/ca\/la-generacio-liquida"]}]},{"@type":"BreadcrumbList","@id":"https:\/\/www.vitbot.com\/ca\/la-generacio-liquida#breadcrumb","itemListElement":[{"@type":"ListItem","position":1,"name":"Home","item":"https:\/\/www.vitbot.com\/ca"},{"@type":"ListItem","position":2,"name":"La Generaci\u00f3 L\u00edquida"}]},{"@type":"WebSite","@id":"https:\/\/www.vitbot.com\/ca#website","url":"https:\/\/www.vitbot.com\/ca","name":"Vitbot","description":"Best Reusable Water Bottles | Vortex Bottle | Vitalizer Bottle","publisher":{"@id":"https:\/\/www.vitbot.com\/ca#organization"},"potentialAction":[{"@type":"SearchAction","target":{"@type":"EntryPoint","urlTemplate":"https:\/\/www.vitbot.com\/ca?s={search_term_string}"},"query-input":"required name=search_term_string"}],"inLanguage":"ca"},{"@type":"Organization","@id":"https:\/\/www.vitbot.com\/ca#organization","name":"Vitbot Europe,S.L. NIF B66180548 Tel\u00e8fon Correu info@vitbot.com Direcci\u00f3 C\/ Almeria 40 F Poblaci\u00f3 Tarrasa Codi postal 08226 Pa\u00eds Espanya","url":"https:\/\/www.vitbot.com\/ca","logo":{"@type":"ImageObject","inLanguage":"ca","@id":"https:\/\/www.vitbot.com\/ca#\/schema\/logo\/image\/","url":"https:\/\/www.vitbot.com\/wp-content\/uploads\/2017\/03\/vitbot_logo.png","contentUrl":"https:\/\/www.vitbot.com\/wp-content\/uploads\/2017\/03\/vitbot_logo.png","width":84,"height":24,"caption":"Vitbot Europe,S.L. NIF B66180548 Tel\u00e8fon Correu info@vitbot.com Direcci\u00f3 C\/ Almeria 40 F Poblaci\u00f3 Tarrasa Codi postal 08226 Pa\u00eds Espanya"},"image":{"@id":"https:\/\/www.vitbot.com\/ca#\/schema\/logo\/image\/"},"sameAs":["https:\/\/www.facebook.com\/vitbotbottle\/","https:\/\/www.instagram.com\/vitbotofficial\/"]}]}},"_links":{"self":[{"href":"https:\/\/www.vitbot.com\/ca\/wp-json\/wp\/v2\/pages\/1022"}],"collection":[{"href":"https:\/\/www.vitbot.com\/ca\/wp-json\/wp\/v2\/pages"}],"about":[{"href":"https:\/\/www.vitbot.com\/ca\/wp-json\/wp\/v2\/types\/page"}],"author":[{"embeddable":true,"href":"https:\/\/www.vitbot.com\/ca\/wp-json\/wp\/v2\/users\/1"}],"replies":[{"embeddable":true,"href":"https:\/\/www.vitbot.com\/ca\/wp-json\/wp\/v2\/comments?post=1022"}],"version-history":[{"count":0,"href":"https:\/\/www.vitbot.com\/ca\/wp-json\/wp\/v2\/pages\/1022\/revisions"}],"wp:attachment":[{"href":"https:\/\/www.vitbot.com\/ca\/wp-json\/wp\/v2\/media?parent=1022"}],"curies":[{"name":"wp","href":"https:\/\/api.w.org\/{rel}","templated":true}]}}