{"id":1014,"date":"2017-05-02T20:31:04","date_gmt":"2017-05-02T18:31:04","guid":{"rendered":"https:\/\/www.vitbot.com\/la-biomimesis"},"modified":"2018-12-02T06:49:39","modified_gmt":"2018-12-02T04:49:39","slug":"la-biomimesis","status":"publish","type":"page","link":"https:\/\/www.vitbot.com\/ca\/la-biomimesis","title":{"rendered":"La Biomimesis"},"content":{"rendered":"[vc_row fullwidth=&#8221;true&#8221; equal_columns=&#8221;true&#8221; css=&#8221;.vc_custom_1490864043520{background-color: #ffffff !important;}&#8221;][vc_column][vc_single_image image=&#8221;758&#8243; img_size=&#8221;full&#8221; css=&#8221;.vc_custom_1492795866101{margin-top: 0px !important;margin-right: 0px !important;margin-bottom: 0px !important;margin-left: 0px !important;}&#8221;][\/vc_column][\/vc_row][vc_row css=&#8221;.vc_custom_1490287549845{background-color: #ffffff !important;}&#8221;][vc_column][vc_empty_space height=&#8221;45px&#8221;][vc_column_text disable_pattern=&#8221;false&#8221; el_class=&#8221;biomimesis-tit1 vitbot-color1 font-din2014-b&#8221;]\n<h1>LA BIOMIMESIS<\/h1>\n[\/vc_column_text][\/vc_column][\/vc_row][vc_row css=&#8221;.vc_custom_1490287549845{background-color: #ffffff !important;}&#8221;][vc_column width=&#8221;1\/2&#8243;][vc_column_text disable_pattern=&#8221;false&#8221; el_class=&#8221;font-din2014-l biomimesis-txt&#8221;]La idea de las ampollas Vitbot Va sorgir observant la natura. En primer lloc, en observar la natura, ens vam adonar que l&#8217;ovoide \u00e9s la forma que tenen la majoria de la fruits, llavors, etc. \u00c9s la soluci\u00f3 \u00f2ptima per a contenir la vida.<\/p>\n<p>En segon lloc, tamb\u00e9 constatem que en la naturalesa hi ha un omnipresent patr\u00f3 de creixement: la proporci\u00f3 Phi. I, finalment, vam aprendre que la naturalesa utilitza el moviment en v\u00f2rtex perqu\u00e8 \u00e9s el m\u00e9s efectiu per a contenir i mantenir l&#8217;energia. Des dels \u00e0toms a les gal\u00e0xies es mouen en v\u00f2rtex i, per descomptat, l&#8217;aigua dels rius i els oceans.<\/p>\n<p>Les ampolles Vitbot s\u00f3n el fruit d&#8217;aquesta observaci\u00f3. Per aix\u00f2 estan dissenyades en forma ovoide i en proporci\u00f3 Phi, perqu\u00e8 les begudes es moguin en v\u00f2rtex al seu interior.[\/vc_column_text][vc_column_text disable_pattern=&#8221;false&#8221; el_class=&#8221;biomimesis-txt2 vitbot-color2 font-din2014-l&#8221;]\n<h3>\u00abPodries veure la natura com un cat\u00e0leg de productes. Tots ells s&#8217;han beneficiat d&#8217;un per\u00edode de 3.800 milions d&#8217;anys d&#8217;investigaci\u00f3 i desenvolupament.<br \/>\nAt\u00e8s aquest nivell d&#8217;inversi\u00f3, t\u00e9 sentit utilitzar-lo\u00bb.<\/h3>\n<h4>MICHAEL PAWLYN<\/h4>\n<h3>\u00abQuan mirem el que \u00e9s veritablement sostenible, l&#8217;\u00fanic model real que ha funcionat durant llargs per\u00edodes de temps ha estat la naturalesa\u00bb.<\/h3>\n<h4>JANINE BENYUS<\/h4>\n[\/vc_column_text][vc_empty_space height=&#8221;45px&#8221;][\/vc_column][vc_column width=&#8221;1\/2&#8243;][vc_column_text disable_pattern=&#8221;false&#8221; el_class=&#8221;biomimesis-txt2 vitbot-color2 font-din2014-l&#8221;]\n<h3>\u00abBiomimesis \u00e9s la ci\u00e8ncia que estudia la naturalesa,<br \/>\nper solucionar aquells problemes humans que ella ja ha resolt milers d\u2019anys abans\u00bb.<\/h3>\n<h4>ANDREA RINALDI<\/h4>\n<h3>\u00abCreiem que l&#8217;adopci\u00f3 generalitzada de solucions inspirades en la naturalesa catalitzar\u00e0 una nova era dins el disseny i els negocis, que beneficiar\u00e0 tant a les persones com a planeta. Fem que l&#8217;acte de demanar consell a la natura<br \/>\nsigui una part normal de la invenci\u00f3 quotidiana\u00bb.<\/h3>\n<p><a href=\"http:\/\/www.biomimicry.org\" target=\"_blank\" rel=\"noopener noreferrer\">www.biomimicry.org<\/a>[\/vc_column_text][\/vc_column][\/vc_row][vc_row][vc_column][vc_empty_space height=&#8221;30px&#8221;][\/vc_column][\/vc_row][vc_row fullwidth=&#8221;true&#8221; fullwidth_content=&#8221;false&#8221; equal_columns=&#8221;true&#8221; css=&#8221;.vc_custom_1491896057741{padding-top: 110px !important;padding-bottom: 90px !important;background-color: #1e0064 !important;}&#8221;][vc_column width=&#8221;1\/2&#8243;][vc_column_text disable_pattern=&#8221;false&#8221; el_class=&#8221;font-alternategn2d vitbot-color2 vidlink-txt&#8221;]\n<h3>Janine Benyus &#8211; L&#8217;efecte de la xarxa Biomimetica<\/h3>\n[\/vc_column_text][vc_column_text disable_pattern=&#8221;false&#8221; el_class=&#8221;font-din2014-l vidlink-txt vitbot-color3&#8243;]L&#8217;aclamada bi\u00f2loga, consultora d&#8217;innovaci\u00f3 i autora Janine Benyus explica com la comunitat biomim\u00e8tica pot col\u00b7laborar amb la natura en una llista de reptes que no poden esperar.[\/vc_column_text][\/vc_column][vc_column width=&#8221;1\/2&#8243;][vc_video link=&#8221;https:\/\/www.youtube.com\/watch?v=lx2hvVIFN_U&amp;vq=1080&#8243; custom_thumbnail=&#8221;true&#8221; thumbnail_image=&#8221;3727&#8243;][vc_column_text disable_pattern=&#8221;false&#8221; el_class=&#8221;font-din2014-l vidlink-txt vitbot-color3 fs16&#8243;]Fes clic a la icona settings per activar els subt\u00edtols en Catal\u00e0.[\/vc_column_text][\/vc_column][\/vc_row][vc_row fullwidth=&#8221;true&#8221; fullwidth_content=&#8221;false&#8221; equal_columns=&#8221;true&#8221; css=&#8221;.vc_custom_1491896265756{padding-top: 110px !important;padding-bottom: 90px !important;background-color: #ffffff !important;}&#8221;][vc_column width=&#8221;1\/2&#8243;][vc_video link=&#8221;https:\/\/www.youtube.com\/watch?v=3QZp6smeSQA&amp;vq=1080&#8243;][vc_column_text disable_pattern=&#8221;false&#8221; el_class=&#8221;font-din2014-l vidlink-txt vitbot-color1 fs16&#8243;]Fes clic a la icona settings per activar els subt\u00edtols en Catal\u00e0.[\/vc_column_text][\/vc_column][vc_column width=&#8221;1\/2&#8243;][vc_column_text disable_pattern=&#8221;false&#8221; el_class=&#8221;font-alternategn2d vitbot-color1 vidlink-txt&#8221;]\n<h3>Michael Pawlyn: Usant el geni de la natura en l&#8217;arquitectura<\/h3>\n[\/vc_column_text][vc_column_text disable_pattern=&#8221;false&#8221; el_class=&#8221;font-din2014-l vidlink-txt vitbot-color1&#8243;]Com poden els arquitectes construir un nou m\u00f3n de bellesa sostenible? En aprendre de la natura. Michael Pawlyn descriu tres h\u00e0bits de la naturalesa que podrien transformar l&#8217;arquitectura i la societat.[\/vc_column_text][\/vc_column][\/vc_row][vc_row fullwidth=&#8221;true&#8221; fullwidth_content=&#8221;false&#8221; equal_columns=&#8221;true&#8221; css=&#8221;.vc_custom_1491896057741{padding-top: 110px !important;padding-bottom: 90px !important;background-color: #1e0064 !important;}&#8221;][vc_column width=&#8221;1\/2&#8243;][vc_column_text disable_pattern=&#8221;false&#8221; el_class=&#8221;font-alternategn2d vitbot-color2 vidlink-txt&#8221;]\n<h3>Neri Oxman: Dissenyant la forma<\/h3>\n[\/vc_column_text][vc_column_text disable_pattern=&#8221;false&#8221; el_class=&#8221;font-din2014-l vidlink-txt vitbot-color3&#8243;]Neri Oxman \u00e9s la fundadora de MATERIAL ECOLOGY, una iniciativa de disseny interdisciplinari. Oxman investiga el material i el rendiment de la natura en un esfor\u00e7 per definir la forma en si.[\/vc_column_text][\/vc_column][vc_column width=&#8221;1\/2&#8243;][vc_video link=&#8221;https:\/\/www.youtube.com\/watch?v=txl4QR0GDnU&amp;vq=1080&#8243;][vc_column_text disable_pattern=&#8221;false&#8221; el_class=&#8221;font-din2014-l vidlink-txt vitbot-color3 fs16&#8243;]Fes clic a la icona settings per activar els subt\u00edtols en Catal\u00e0.[\/vc_column_text][\/vc_column][\/vc_row][vc_row fullwidth=&#8221;true&#8221; fullwidth_content=&#8221;false&#8221; equal_columns=&#8221;true&#8221; css=&#8221;.vc_custom_1491896265756{padding-top: 110px !important;padding-bottom: 90px !important;background-color: #ffffff !important;}&#8221;][vc_column width=&#8221;1\/2&#8243;][vc_video link=&#8221;https:\/\/www.youtube.com\/watch?v=JnBkbaFsZOY&amp;vq=1080&#8243;][vc_column_text disable_pattern=&#8221;false&#8221; el_class=&#8221;font-din2014-l vidlink-txt vitbot-color1 fs16&#8243;]Fes clic a la icona settings per activar els subt\u00edtols en Catal\u00e0.[\/vc_column_text][\/vc_column][vc_column width=&#8221;1\/2&#8243;][vc_column_text disable_pattern=&#8221;false&#8221; el_class=&#8221;font-alternategn2d vitbot-color1 vidlink-txt&#8221;]\n<h3>Bio-Inspiraci\u00f3: La natura como Musa &#8211; KQED QUEST<\/h3>\n[\/vc_column_text][vc_column_text disable_pattern=&#8221;false&#8221; el_class=&#8221;font-din2014-l vidlink-txt vitbot-color1&#8243;]Durant centenars d&#8217;anys, els cient\u00edfics han estat la ca\u00e7ant furtivament idees de disseny d&#8217;estructures en la natura. Ara, bi\u00f2legs i enginyers de la Universitat de Berkeley estan treballant junts per dissenyar una \u00e0mplia gamma de nous productes, com ara mili-robots per salvar vides segons el model de la forma en qu\u00e8 les paneroles corren i adhesius a base de la sorprenent disseny d&#8217;un peu sargantanes. [\/vc_column_text][\/vc_column][\/vc_row][vc_row fullwidth=&#8221;true&#8221; fullwidth_content=&#8221;false&#8221; equal_columns=&#8221;true&#8221; css=&#8221;.vc_custom_1491896057741{padding-top: 110px !important;padding-bottom: 90px !important;background-color: #1e0064 !important;}&#8221;][vc_column width=&#8221;1\/2&#8243;][vc_column_text disable_pattern=&#8221;false&#8221; el_class=&#8221;font-alternategn2d vitbot-color2 vidlink-txt&#8221;]\n<h3>Philippe Starck parla d&#8217;aigua i agitar i una soluci\u00f3 biomim\u00e8tic per aixetes.<\/h3>\n[\/vc_column_text][vc_column_text disable_pattern=&#8221;false&#8221; el_class=&#8221;font-din2014-l vidlink-txt vitbot-color3&#8243;]Axor Starck V ens permet experimentar la vitalitat d&#8217;aigua. Amb un potent v\u00f2rtex, el mesclador provoca una connexi\u00f3 emocional amb aigua. Descobreix per tu mateix per qu\u00e8 per Philippe Starck &#8220;un recinte m\u00ednim per aquest miracle&#8221; \u00e9s la correcta per retre homenatge al m\u00e9s preci\u00f3s de tots els elements.[\/vc_column_text][\/vc_column][vc_column width=&#8221;1\/2&#8243;][vc_video link=&#8221;https:\/\/www.youtube.com\/watch?v=J-mLqUo0ep0&amp;vq=1080&#8243;][vc_column_text disable_pattern=&#8221;false&#8221; el_class=&#8221;font-din2014-l vidlink-txt vitbot-color3 fs16&#8243;]Fes clic a la icona settings per activar els subt\u00edtols en Catal\u00e0.[\/vc_column_text][\/vc_column][\/vc_row]\n","protected":false},"excerpt":{"rendered":"<p>[vc_row fullwidth=&#8221;true&#8221; equal_columns=&#8221;true&#8221; css=&#8221;.vc_custom_1490864043520{background-color: #ffffff !important;}&#8221;][vc_column][vc_single_image image=&#8221;758&#8243; img_size=&#8221;full&#8221; css=&#8221;.vc_custom_1492795866101{margin-top: 0px !important;margin-right: 0px !important;margin-bottom: 0px !important;margin-left: 0px !important;}&#8221;][\/vc_column][\/vc_row][vc_row css=&#8221;.vc_custom_1490287549845{background-color: #ffffff !important;}&#8221;][vc_column][vc_empty_space height=&#8221;45px&#8221;][vc_column_text disable_pattern=&#8221;false&#8221; el_class=&#8221;biomimesis-tit1 vitbot-color1 font-din2014-b&#8221;] LA BIOMIMESIS [\/vc_column_text][\/vc_column][\/vc_row][vc_row css=&#8221;.vc_custom_1490287549845{background-color: #ffffff !important;}&#8221;][vc_column width=&#8221;1\/2&#8243;][vc_column_text disable_pattern=&#8221;false&#8221; el_class=&#8221;font-din2014-l biomimesis-txt&#8221;]La idea de las ampollas Vitbot Va sorgir observant la natura. En primer lloc, en observar la natura, ens vam adonar [&hellip;]<\/p>\n","protected":false},"author":1,"featured_media":0,"parent":0,"menu_order":5,"comment_status":"closed","ping_status":"closed","template":"","meta":{"_monsterinsights_skip_tracking":false,"_monsterinsights_sitenote_active":false,"_monsterinsights_sitenote_note":"","_monsterinsights_sitenote_category":0},"yoast_head":"<!-- This site is optimized with the Yoast SEO plugin v20.1 - https:\/\/yoast.com\/wordpress\/plugins\/seo\/ -->\n<title>La Biomimesis - Vitbot<\/title>\n<meta name=\"robots\" content=\"index, follow, max-snippet:-1, max-image-preview:large, max-video-preview:-1\" \/>\n<link rel=\"canonical\" href=\"https:\/\/www.vitbot.com\/ca\/la-biomimesis\" \/>\n<meta property=\"og:locale\" content=\"ca_ES\" \/>\n<meta property=\"og:type\" content=\"article\" \/>\n<meta property=\"og:title\" content=\"La Biomimesis - Vitbot\" \/>\n<meta property=\"og:description\" content=\"[vc_row fullwidth=&#8221;true&#8221; equal_columns=&#8221;true&#8221; css=&#8221;.vc_custom_1490864043520{background-color: #ffffff !important;}&#8221;][vc_column][vc_single_image image=&#8221;758&#8243; img_size=&#8221;full&#8221; css=&#8221;.vc_custom_1492795866101{margin-top: 0px !important;margin-right: 0px !important;margin-bottom: 0px !important;margin-left: 0px !important;}&#8221;][\/vc_column][\/vc_row][vc_row css=&#8221;.vc_custom_1490287549845{background-color: #ffffff !important;}&#8221;][vc_column][vc_empty_space height=&#8221;45px&#8221;][vc_column_text disable_pattern=&#8221;false&#8221; el_class=&#8221;biomimesis-tit1 vitbot-color1 font-din2014-b&#8221;] LA BIOMIMESIS [\/vc_column_text][\/vc_column][\/vc_row][vc_row css=&#8221;.vc_custom_1490287549845{background-color: #ffffff !important;}&#8221;][vc_column width=&#8221;1\/2&#8243;][vc_column_text disable_pattern=&#8221;false&#8221; el_class=&#8221;font-din2014-l biomimesis-txt&#8221;]La idea de las ampollas Vitbot Va sorgir observant la natura. En primer lloc, en observar la natura, ens vam adonar [&hellip;]\" \/>\n<meta property=\"og:url\" content=\"https:\/\/www.vitbot.com\/ca\/la-biomimesis\" \/>\n<meta property=\"og:site_name\" content=\"Vitbot\" \/>\n<meta property=\"article:publisher\" content=\"https:\/\/www.facebook.com\/vitbotbottle\/\" \/>\n<meta property=\"article:modified_time\" content=\"2018-12-02T04:49:39+00:00\" \/>\n<meta name=\"twitter:card\" content=\"summary_large_image\" \/>\n<meta name=\"twitter:label1\" content=\"Temps estimat de lectura\" \/>\n\t<meta name=\"twitter:data1\" content=\"6 minuts\" \/>\n<script type=\"application\/ld+json\" class=\"yoast-schema-graph\">{\"@context\":\"https:\/\/schema.org\",\"@graph\":[{\"@type\":\"WebPage\",\"@id\":\"https:\/\/www.vitbot.com\/ca\/la-biomimesis\",\"url\":\"https:\/\/www.vitbot.com\/ca\/la-biomimesis\",\"name\":\"La Biomimesis - Vitbot\",\"isPartOf\":{\"@id\":\"https:\/\/www.vitbot.com\/ca#website\"},\"datePublished\":\"2017-05-02T18:31:04+00:00\",\"dateModified\":\"2018-12-02T04:49:39+00:00\",\"breadcrumb\":{\"@id\":\"https:\/\/www.vitbot.com\/ca\/la-biomimesis#breadcrumb\"},\"inLanguage\":\"ca\",\"potentialAction\":[{\"@type\":\"ReadAction\",\"target\":[\"https:\/\/www.vitbot.com\/ca\/la-biomimesis\"]}]},{\"@type\":\"BreadcrumbList\",\"@id\":\"https:\/\/www.vitbot.com\/ca\/la-biomimesis#breadcrumb\",\"itemListElement\":[{\"@type\":\"ListItem\",\"position\":1,\"name\":\"Home\",\"item\":\"https:\/\/www.vitbot.com\/ca\"},{\"@type\":\"ListItem\",\"position\":2,\"name\":\"La Biomimesis\"}]},{\"@type\":\"WebSite\",\"@id\":\"https:\/\/www.vitbot.com\/ca#website\",\"url\":\"https:\/\/www.vitbot.com\/ca\",\"name\":\"Vitbot\",\"description\":\"Best Reusable Water Bottles | Vortex Bottle | Vitalizer Bottle\",\"publisher\":{\"@id\":\"https:\/\/www.vitbot.com\/ca#organization\"},\"potentialAction\":[{\"@type\":\"SearchAction\",\"target\":{\"@type\":\"EntryPoint\",\"urlTemplate\":\"https:\/\/www.vitbot.com\/ca?s={search_term_string}\"},\"query-input\":\"required name=search_term_string\"}],\"inLanguage\":\"ca\"},{\"@type\":\"Organization\",\"@id\":\"https:\/\/www.vitbot.com\/ca#organization\",\"name\":\"Vitbot Europe,S.L. NIF B66180548 Tel\u00e8fon Correu info@vitbot.com Direcci\u00f3 C\/ Almeria 40 F Poblaci\u00f3 Tarrasa Codi postal 08226 Pa\u00eds Espanya\",\"url\":\"https:\/\/www.vitbot.com\/ca\",\"logo\":{\"@type\":\"ImageObject\",\"inLanguage\":\"ca\",\"@id\":\"https:\/\/www.vitbot.com\/ca#\/schema\/logo\/image\/\",\"url\":\"https:\/\/www.vitbot.com\/wp-content\/uploads\/2017\/03\/vitbot_logo.png\",\"contentUrl\":\"https:\/\/www.vitbot.com\/wp-content\/uploads\/2017\/03\/vitbot_logo.png\",\"width\":84,\"height\":24,\"caption\":\"Vitbot Europe,S.L. NIF B66180548 Tel\u00e8fon Correu info@vitbot.com Direcci\u00f3 C\/ Almeria 40 F Poblaci\u00f3 Tarrasa Codi postal 08226 Pa\u00eds Espanya\"},\"image\":{\"@id\":\"https:\/\/www.vitbot.com\/ca#\/schema\/logo\/image\/\"},\"sameAs\":[\"https:\/\/www.facebook.com\/vitbotbottle\/\",\"https:\/\/www.instagram.com\/vitbotofficial\/\"]}]}<\/script>\n<!-- \/ Yoast SEO plugin. -->","yoast_head_json":{"title":"La Biomimesis - Vitbot","robots":{"index":"index","follow":"follow","max-snippet":"max-snippet:-1","max-image-preview":"max-image-preview:large","max-video-preview":"max-video-preview:-1"},"canonical":"https:\/\/www.vitbot.com\/ca\/la-biomimesis","og_locale":"ca_ES","og_type":"article","og_title":"La Biomimesis - Vitbot","og_description":"[vc_row fullwidth=&#8221;true&#8221; equal_columns=&#8221;true&#8221; css=&#8221;.vc_custom_1490864043520{background-color: #ffffff !important;}&#8221;][vc_column][vc_single_image image=&#8221;758&#8243; img_size=&#8221;full&#8221; css=&#8221;.vc_custom_1492795866101{margin-top: 0px !important;margin-right: 0px !important;margin-bottom: 0px !important;margin-left: 0px !important;}&#8221;][\/vc_column][\/vc_row][vc_row css=&#8221;.vc_custom_1490287549845{background-color: #ffffff !important;}&#8221;][vc_column][vc_empty_space height=&#8221;45px&#8221;][vc_column_text disable_pattern=&#8221;false&#8221; el_class=&#8221;biomimesis-tit1 vitbot-color1 font-din2014-b&#8221;] LA BIOMIMESIS [\/vc_column_text][\/vc_column][\/vc_row][vc_row css=&#8221;.vc_custom_1490287549845{background-color: #ffffff !important;}&#8221;][vc_column width=&#8221;1\/2&#8243;][vc_column_text disable_pattern=&#8221;false&#8221; el_class=&#8221;font-din2014-l biomimesis-txt&#8221;]La idea de las ampollas Vitbot Va sorgir observant la natura. En primer lloc, en observar la natura, ens vam adonar [&hellip;]","og_url":"https:\/\/www.vitbot.com\/ca\/la-biomimesis","og_site_name":"Vitbot","article_publisher":"https:\/\/www.facebook.com\/vitbotbottle\/","article_modified_time":"2018-12-02T04:49:39+00:00","twitter_card":"summary_large_image","twitter_misc":{"Temps estimat de lectura":"6 minuts"},"schema":{"@context":"https:\/\/schema.org","@graph":[{"@type":"WebPage","@id":"https:\/\/www.vitbot.com\/ca\/la-biomimesis","url":"https:\/\/www.vitbot.com\/ca\/la-biomimesis","name":"La Biomimesis - Vitbot","isPartOf":{"@id":"https:\/\/www.vitbot.com\/ca#website"},"datePublished":"2017-05-02T18:31:04+00:00","dateModified":"2018-12-02T04:49:39+00:00","breadcrumb":{"@id":"https:\/\/www.vitbot.com\/ca\/la-biomimesis#breadcrumb"},"inLanguage":"ca","potentialAction":[{"@type":"ReadAction","target":["https:\/\/www.vitbot.com\/ca\/la-biomimesis"]}]},{"@type":"BreadcrumbList","@id":"https:\/\/www.vitbot.com\/ca\/la-biomimesis#breadcrumb","itemListElement":[{"@type":"ListItem","position":1,"name":"Home","item":"https:\/\/www.vitbot.com\/ca"},{"@type":"ListItem","position":2,"name":"La Biomimesis"}]},{"@type":"WebSite","@id":"https:\/\/www.vitbot.com\/ca#website","url":"https:\/\/www.vitbot.com\/ca","name":"Vitbot","description":"Best Reusable Water Bottles | Vortex Bottle | Vitalizer Bottle","publisher":{"@id":"https:\/\/www.vitbot.com\/ca#organization"},"potentialAction":[{"@type":"SearchAction","target":{"@type":"EntryPoint","urlTemplate":"https:\/\/www.vitbot.com\/ca?s={search_term_string}"},"query-input":"required name=search_term_string"}],"inLanguage":"ca"},{"@type":"Organization","@id":"https:\/\/www.vitbot.com\/ca#organization","name":"Vitbot Europe,S.L. NIF B66180548 Tel\u00e8fon Correu info@vitbot.com Direcci\u00f3 C\/ Almeria 40 F Poblaci\u00f3 Tarrasa Codi postal 08226 Pa\u00eds Espanya","url":"https:\/\/www.vitbot.com\/ca","logo":{"@type":"ImageObject","inLanguage":"ca","@id":"https:\/\/www.vitbot.com\/ca#\/schema\/logo\/image\/","url":"https:\/\/www.vitbot.com\/wp-content\/uploads\/2017\/03\/vitbot_logo.png","contentUrl":"https:\/\/www.vitbot.com\/wp-content\/uploads\/2017\/03\/vitbot_logo.png","width":84,"height":24,"caption":"Vitbot Europe,S.L. NIF B66180548 Tel\u00e8fon Correu info@vitbot.com Direcci\u00f3 C\/ Almeria 40 F Poblaci\u00f3 Tarrasa Codi postal 08226 Pa\u00eds Espanya"},"image":{"@id":"https:\/\/www.vitbot.com\/ca#\/schema\/logo\/image\/"},"sameAs":["https:\/\/www.facebook.com\/vitbotbottle\/","https:\/\/www.instagram.com\/vitbotofficial\/"]}]}},"_links":{"self":[{"href":"https:\/\/www.vitbot.com\/ca\/wp-json\/wp\/v2\/pages\/1014"}],"collection":[{"href":"https:\/\/www.vitbot.com\/ca\/wp-json\/wp\/v2\/pages"}],"about":[{"href":"https:\/\/www.vitbot.com\/ca\/wp-json\/wp\/v2\/types\/page"}],"author":[{"embeddable":true,"href":"https:\/\/www.vitbot.com\/ca\/wp-json\/wp\/v2\/users\/1"}],"replies":[{"embeddable":true,"href":"https:\/\/www.vitbot.com\/ca\/wp-json\/wp\/v2\/comments?post=1014"}],"version-history":[{"count":2,"href":"https:\/\/www.vitbot.com\/ca\/wp-json\/wp\/v2\/pages\/1014\/revisions"}],"predecessor-version":[{"id":3735,"href":"https:\/\/www.vitbot.com\/ca\/wp-json\/wp\/v2\/pages\/1014\/revisions\/3735"}],"wp:attachment":[{"href":"https:\/\/www.vitbot.com\/ca\/wp-json\/wp\/v2\/media?parent=1014"}],"curies":[{"name":"wp","href":"https:\/\/api.w.org\/{rel}","templated":true}]}}