{"id":1007,"date":"2017-05-02T20:29:52","date_gmt":"2017-05-02T18:29:52","guid":{"rendered":"https:\/\/www.vitbot.com\/vitbot-industrial"},"modified":"2020-02-12T18:23:11","modified_gmt":"2020-02-12T16:23:11","slug":"vitbot-industrial","status":"publish","type":"page","link":"https:\/\/www.vitbot.com\/ca\/vitbot-industrial","title":{"rendered":"L\u00ednia Industrial"},"content":{"rendered":"[vc_row fullwidth=&#8221;true&#8221; equal_columns=&#8221;true&#8221; css=&#8221;.vc_custom_1490864043520{background-color: #ffffff !important;}&#8221;][vc_column][vc_single_image image=&#8221;3382&#8243; img_size=&#8221;full&#8221; alignment=&#8221;center&#8221; css=&#8221;.vc_custom_1543729349591{margin-top: 0px !important;margin-right: 0px !important;margin-bottom: 0px !important;margin-left: 0px !important;}&#8221;][\/vc_column][\/vc_row][vc_row css=&#8221;.vc_custom_1490287549845{background-color: #ffffff !important;}&#8221;][vc_column][vc_empty_space height=&#8221;45px&#8221;][vc_column_text disable_pattern=&#8221;false&#8221; el_class=&#8221;indu-tit1 vitbot-color1 font-din2014-b&#8221; css=&#8221;.vc_custom_1543570460041{margin-bottom: 0px !important;}&#8221;]\n<h1>L\u00cdNIA INDUSTRIAL<\/h1>\n[\/vc_column_text][\/vc_column][\/vc_row][vc_row css=&#8221;.vc_custom_1490287549845{background-color: #ffffff !important;}&#8221;][vc_column width=&#8221;1\/2&#8243;][vc_column_text disable_pattern=&#8221;false&#8221; el_class=&#8221;font-din2014-l indu-txt&#8221; css=&#8221;.vc_custom_1543564433886{margin-bottom: 0px !important;}&#8221;]Les ampolles Vitbot s\u00f3n ideals per a tot tipus de begudes: sucs, l\u00e0ctics, begudes vegetals o aliment infantil. Aix\u00ed mateix, les Vitbot s\u00f3n la soluci\u00f3 \u00f2ptima per envasar cosm\u00e8tics i olis essencials. Finalment, les Vitbot s\u00f3n l&#8217;env\u00e0s ideal per contenir vi, cava, cervesa artesana, te kombucha, quefir, etc. ja que el proc\u00e9s de fermentaci\u00f3 i maduraci\u00f3 d\u2019aquestes begudes segueix dins de l&#8217;ampolla.<\/p>\n<p>Les ampolles Vitbot per a usos industrials estan dissenyades per canviar la din\u00e0mica de l&#8217;envasat de l&#8217;aigua i les begudes aliment\u00e0ries. Actualment, la major part dels envasos que trobem al mercat estan pensats i dissenyats seguint criteris d&#8217;est\u00e8tica, baix preu o f\u00e0cil emmagatzematge. Vitbot incorpora un innovador concepte: la forma ovoide. La forma d&#8217;ou permet que els l\u00edquids girin en v\u00f2rtex a l&#8217;interior de les ampolles. Gr\u00e0cies a aquest moviment, s&#8217;aconsegueix una dissoluci\u00f3 uniforme dels electr\u00f2lits, minerals, etc. que contenen les begudes, aix\u00ed es preserven intactes les qualitats que tenien en el moment de l&#8217;embotellat, permetent que el cos hum\u00e0 assimili de manera molt m\u00e9s efica\u00e7 aquestes propietats.[\/vc_column_text][vc_row_inner][vc_column_inner width=&#8221;1\/2&#8243;][vc_single_image image=&#8221;11006&#8243; img_size=&#8221;full&#8221; alignment=&#8221;center&#8221; onclick=&#8221;link_image&#8221;][\/vc_column_inner][vc_column_inner width=&#8221;1\/2&#8243;][vc_single_image image=&#8221;11013&#8243; img_size=&#8221;full&#8221; alignment=&#8221;center&#8221; onclick=&#8221;link_image&#8221;][\/vc_column_inner][\/vc_row_inner][\/vc_column][vc_column width=&#8221;1\/2&#8243;][vc_column_text disable_pattern=&#8221;false&#8221; el_class=&#8221;font-din2014-l indu-txt&#8221; css=&#8221;.vc_custom_1558611390696{margin-bottom: 0px !important;}&#8221;]Les ampolles Vitbot poden tenir m\u00faltiples mides i diferents dissenys i acabats, segons sigui el producte que es vulgui envasar, l&#8217;\u00fanic requisit \u00e9s mantenir el cos de l&#8217;ampolla en forma ovoide i proporci\u00f3 phi.<\/p>\n<p>Els fabricants de begudes tenen tres opcions: comprar les ampolles a Vitbot, produir els seus envasos Vitbot personalitzats sota llic\u00e8ncia de royalty, o arribar a un acord de Co-Branding amb nosaltres.<\/p>\n<p><strong>Per qu\u00e8 a Vitbot apostem per les ampolles de rPET i HDPE reciclables a m\u00e9s del vidre?<\/strong>Perqu\u00e8 els fabricants de begudes premsades en fred amb certificaci\u00f3 ecol\u00f2gica, necessiten les ampolles de rPET (Polietil\u00e8 reciclat), ja que \u00e9s l&#8217;\u00fanic material que suporta les altes pressions de la tecnologia HPP necess\u00e0ria per evitar la pasteuritzaci\u00f3 i mantenir els nutrients originals de les begudes.En el cas dels fabricants que pasteuritzen les seves begudes org\u00e0niques, opten pel material reciclable HDPE (Polietil\u00e8 d&#8217;alta densitat), ja que \u00e9s un material que suporta temperatures superiors a 40 \u00ba C sense que tingui migraci\u00f3. El HDPE tamb\u00e9 \u00e9s un material ideal quan es vol tenir un env\u00e0s totalment opac, i protegir el contingut de les ampolles de la llum.<\/p>\n<p>Si us plau, contacteu amb nosaltres si teniu alguna pregunta, o si voleu rebre envasos de mostra per realitzar proves.[\/vc_column_text][vc_btn title=&#8221;CONTACTI&#8217;NS&#8221; color=&#8221;white&#8221; size=&#8221;lg&#8221; align=&#8221;left&#8221; link=&#8221;url:https%3A%2F%2Fwww.vitbot.com%2Fca%2Fcontacte|||&#8221; el_class=&#8221;btn-contacta bg-color2&#8243;][\/vc_column][\/vc_row][vc_row][vc_column width=&#8221;1\/2&#8243;][vc_empty_space height=&#8221;90px&#8221;][\/vc_column][vc_column width=&#8221;1\/2&#8243;][\/vc_column][\/vc_row]\n","protected":false},"excerpt":{"rendered":"<p>[vc_row fullwidth=&#8221;true&#8221; equal_columns=&#8221;true&#8221; css=&#8221;.vc_custom_1490864043520{background-color: #ffffff !important;}&#8221;][vc_column][vc_single_image image=&#8221;3382&#8243; img_size=&#8221;full&#8221; alignment=&#8221;center&#8221; css=&#8221;.vc_custom_1543729349591{margin-top: 0px !important;margin-right: 0px !important;margin-bottom: 0px !important;margin-left: 0px !important;}&#8221;][\/vc_column][\/vc_row][vc_row css=&#8221;.vc_custom_1490287549845{background-color: #ffffff !important;}&#8221;][vc_column][vc_empty_space height=&#8221;45px&#8221;][vc_column_text disable_pattern=&#8221;false&#8221; el_class=&#8221;indu-tit1 vitbot-color1 font-din2014-b&#8221; css=&#8221;.vc_custom_1543570460041{margin-bottom: 0px !important;}&#8221;] L\u00cdNIA INDUSTRIAL [\/vc_column_text][\/vc_column][\/vc_row][vc_row css=&#8221;.vc_custom_1490287549845{background-color: #ffffff !important;}&#8221;][vc_column width=&#8221;1\/2&#8243;][vc_column_text disable_pattern=&#8221;false&#8221; el_class=&#8221;font-din2014-l indu-txt&#8221; css=&#8221;.vc_custom_1543564433886{margin-bottom: 0px !important;}&#8221;]Les ampolles Vitbot s\u00f3n ideals per a tot tipus de begudes: sucs, l\u00e0ctics, begudes [&hellip;]<\/p>\n","protected":false},"author":1,"featured_media":0,"parent":0,"menu_order":3,"comment_status":"closed","ping_status":"closed","template":"","meta":{"_monsterinsights_skip_tracking":false,"_monsterinsights_sitenote_active":false,"_monsterinsights_sitenote_note":"","_monsterinsights_sitenote_category":0},"yoast_head":"<!-- This site is optimized with the Yoast SEO plugin v20.1 - https:\/\/yoast.com\/wordpress\/plugins\/seo\/ -->\n<title>L\u00ednia Industrial - Vitbot<\/title>\n<meta name=\"robots\" content=\"index, follow, max-snippet:-1, max-image-preview:large, max-video-preview:-1\" \/>\n<link rel=\"canonical\" href=\"https:\/\/www.vitbot.com\/ca\/vitbot-industrial\" \/>\n<meta property=\"og:locale\" content=\"ca_ES\" \/>\n<meta property=\"og:type\" content=\"article\" \/>\n<meta property=\"og:title\" content=\"L\u00ednia Industrial - Vitbot\" \/>\n<meta property=\"og:description\" content=\"[vc_row fullwidth=&#8221;true&#8221; equal_columns=&#8221;true&#8221; css=&#8221;.vc_custom_1490864043520{background-color: #ffffff !important;}&#8221;][vc_column][vc_single_image image=&#8221;3382&#8243; img_size=&#8221;full&#8221; alignment=&#8221;center&#8221; css=&#8221;.vc_custom_1543729349591{margin-top: 0px !important;margin-right: 0px !important;margin-bottom: 0px !important;margin-left: 0px !important;}&#8221;][\/vc_column][\/vc_row][vc_row css=&#8221;.vc_custom_1490287549845{background-color: #ffffff !important;}&#8221;][vc_column][vc_empty_space height=&#8221;45px&#8221;][vc_column_text disable_pattern=&#8221;false&#8221; el_class=&#8221;indu-tit1 vitbot-color1 font-din2014-b&#8221; css=&#8221;.vc_custom_1543570460041{margin-bottom: 0px !important;}&#8221;] L\u00cdNIA INDUSTRIAL [\/vc_column_text][\/vc_column][\/vc_row][vc_row css=&#8221;.vc_custom_1490287549845{background-color: #ffffff !important;}&#8221;][vc_column width=&#8221;1\/2&#8243;][vc_column_text disable_pattern=&#8221;false&#8221; el_class=&#8221;font-din2014-l indu-txt&#8221; css=&#8221;.vc_custom_1543564433886{margin-bottom: 0px !important;}&#8221;]Les ampolles Vitbot s\u00f3n ideals per a tot tipus de begudes: sucs, l\u00e0ctics, begudes [&hellip;]\" \/>\n<meta property=\"og:url\" content=\"https:\/\/www.vitbot.com\/ca\/vitbot-industrial\" \/>\n<meta property=\"og:site_name\" content=\"Vitbot\" \/>\n<meta property=\"article:publisher\" content=\"https:\/\/www.facebook.com\/vitbotbottle\/\" \/>\n<meta property=\"article:modified_time\" content=\"2020-02-12T16:23:11+00:00\" \/>\n<meta name=\"twitter:card\" content=\"summary_large_image\" \/>\n<meta name=\"twitter:label1\" content=\"Temps estimat de lectura\" \/>\n\t<meta name=\"twitter:data1\" content=\"3 minuts\" \/>\n<script type=\"application\/ld+json\" class=\"yoast-schema-graph\">{\"@context\":\"https:\/\/schema.org\",\"@graph\":[{\"@type\":\"WebPage\",\"@id\":\"https:\/\/www.vitbot.com\/ca\/vitbot-industrial\",\"url\":\"https:\/\/www.vitbot.com\/ca\/vitbot-industrial\",\"name\":\"L\u00ednia Industrial - Vitbot\",\"isPartOf\":{\"@id\":\"https:\/\/www.vitbot.com\/ca#website\"},\"datePublished\":\"2017-05-02T18:29:52+00:00\",\"dateModified\":\"2020-02-12T16:23:11+00:00\",\"breadcrumb\":{\"@id\":\"https:\/\/www.vitbot.com\/ca\/vitbot-industrial#breadcrumb\"},\"inLanguage\":\"ca\",\"potentialAction\":[{\"@type\":\"ReadAction\",\"target\":[\"https:\/\/www.vitbot.com\/ca\/vitbot-industrial\"]}]},{\"@type\":\"BreadcrumbList\",\"@id\":\"https:\/\/www.vitbot.com\/ca\/vitbot-industrial#breadcrumb\",\"itemListElement\":[{\"@type\":\"ListItem\",\"position\":1,\"name\":\"Home\",\"item\":\"https:\/\/www.vitbot.com\/ca\"},{\"@type\":\"ListItem\",\"position\":2,\"name\":\"L\u00ednia Industrial\"}]},{\"@type\":\"WebSite\",\"@id\":\"https:\/\/www.vitbot.com\/ca#website\",\"url\":\"https:\/\/www.vitbot.com\/ca\",\"name\":\"Vitbot\",\"description\":\"Best Reusable Water Bottles | Vortex Bottle | Vitalizer Bottle\",\"publisher\":{\"@id\":\"https:\/\/www.vitbot.com\/ca#organization\"},\"potentialAction\":[{\"@type\":\"SearchAction\",\"target\":{\"@type\":\"EntryPoint\",\"urlTemplate\":\"https:\/\/www.vitbot.com\/ca?s={search_term_string}\"},\"query-input\":\"required name=search_term_string\"}],\"inLanguage\":\"ca\"},{\"@type\":\"Organization\",\"@id\":\"https:\/\/www.vitbot.com\/ca#organization\",\"name\":\"Vitbot Europe,S.L. NIF B66180548 Tel\u00e8fon Correu info@vitbot.com Direcci\u00f3 C\/ Almeria 40 F Poblaci\u00f3 Tarrasa Codi postal 08226 Pa\u00eds Espanya\",\"url\":\"https:\/\/www.vitbot.com\/ca\",\"logo\":{\"@type\":\"ImageObject\",\"inLanguage\":\"ca\",\"@id\":\"https:\/\/www.vitbot.com\/ca#\/schema\/logo\/image\/\",\"url\":\"https:\/\/www.vitbot.com\/wp-content\/uploads\/2017\/03\/vitbot_logo.png\",\"contentUrl\":\"https:\/\/www.vitbot.com\/wp-content\/uploads\/2017\/03\/vitbot_logo.png\",\"width\":84,\"height\":24,\"caption\":\"Vitbot Europe,S.L. NIF B66180548 Tel\u00e8fon Correu info@vitbot.com Direcci\u00f3 C\/ Almeria 40 F Poblaci\u00f3 Tarrasa Codi postal 08226 Pa\u00eds Espanya\"},\"image\":{\"@id\":\"https:\/\/www.vitbot.com\/ca#\/schema\/logo\/image\/\"},\"sameAs\":[\"https:\/\/www.facebook.com\/vitbotbottle\/\",\"https:\/\/www.instagram.com\/vitbotofficial\/\"]}]}<\/script>\n<!-- \/ Yoast SEO plugin. -->","yoast_head_json":{"title":"L\u00ednia Industrial - Vitbot","robots":{"index":"index","follow":"follow","max-snippet":"max-snippet:-1","max-image-preview":"max-image-preview:large","max-video-preview":"max-video-preview:-1"},"canonical":"https:\/\/www.vitbot.com\/ca\/vitbot-industrial","og_locale":"ca_ES","og_type":"article","og_title":"L\u00ednia Industrial - Vitbot","og_description":"[vc_row fullwidth=&#8221;true&#8221; equal_columns=&#8221;true&#8221; css=&#8221;.vc_custom_1490864043520{background-color: #ffffff !important;}&#8221;][vc_column][vc_single_image image=&#8221;3382&#8243; img_size=&#8221;full&#8221; alignment=&#8221;center&#8221; css=&#8221;.vc_custom_1543729349591{margin-top: 0px !important;margin-right: 0px !important;margin-bottom: 0px !important;margin-left: 0px !important;}&#8221;][\/vc_column][\/vc_row][vc_row css=&#8221;.vc_custom_1490287549845{background-color: #ffffff !important;}&#8221;][vc_column][vc_empty_space height=&#8221;45px&#8221;][vc_column_text disable_pattern=&#8221;false&#8221; el_class=&#8221;indu-tit1 vitbot-color1 font-din2014-b&#8221; css=&#8221;.vc_custom_1543570460041{margin-bottom: 0px !important;}&#8221;] L\u00cdNIA INDUSTRIAL [\/vc_column_text][\/vc_column][\/vc_row][vc_row css=&#8221;.vc_custom_1490287549845{background-color: #ffffff !important;}&#8221;][vc_column width=&#8221;1\/2&#8243;][vc_column_text disable_pattern=&#8221;false&#8221; el_class=&#8221;font-din2014-l indu-txt&#8221; css=&#8221;.vc_custom_1543564433886{margin-bottom: 0px !important;}&#8221;]Les ampolles Vitbot s\u00f3n ideals per a tot tipus de begudes: sucs, l\u00e0ctics, begudes [&hellip;]","og_url":"https:\/\/www.vitbot.com\/ca\/vitbot-industrial","og_site_name":"Vitbot","article_publisher":"https:\/\/www.facebook.com\/vitbotbottle\/","article_modified_time":"2020-02-12T16:23:11+00:00","twitter_card":"summary_large_image","twitter_misc":{"Temps estimat de lectura":"3 minuts"},"schema":{"@context":"https:\/\/schema.org","@graph":[{"@type":"WebPage","@id":"https:\/\/www.vitbot.com\/ca\/vitbot-industrial","url":"https:\/\/www.vitbot.com\/ca\/vitbot-industrial","name":"L\u00ednia Industrial - Vitbot","isPartOf":{"@id":"https:\/\/www.vitbot.com\/ca#website"},"datePublished":"2017-05-02T18:29:52+00:00","dateModified":"2020-02-12T16:23:11+00:00","breadcrumb":{"@id":"https:\/\/www.vitbot.com\/ca\/vitbot-industrial#breadcrumb"},"inLanguage":"ca","potentialAction":[{"@type":"ReadAction","target":["https:\/\/www.vitbot.com\/ca\/vitbot-industrial"]}]},{"@type":"BreadcrumbList","@id":"https:\/\/www.vitbot.com\/ca\/vitbot-industrial#breadcrumb","itemListElement":[{"@type":"ListItem","position":1,"name":"Home","item":"https:\/\/www.vitbot.com\/ca"},{"@type":"ListItem","position":2,"name":"L\u00ednia Industrial"}]},{"@type":"WebSite","@id":"https:\/\/www.vitbot.com\/ca#website","url":"https:\/\/www.vitbot.com\/ca","name":"Vitbot","description":"Best Reusable Water Bottles | Vortex Bottle | Vitalizer Bottle","publisher":{"@id":"https:\/\/www.vitbot.com\/ca#organization"},"potentialAction":[{"@type":"SearchAction","target":{"@type":"EntryPoint","urlTemplate":"https:\/\/www.vitbot.com\/ca?s={search_term_string}"},"query-input":"required name=search_term_string"}],"inLanguage":"ca"},{"@type":"Organization","@id":"https:\/\/www.vitbot.com\/ca#organization","name":"Vitbot Europe,S.L. NIF B66180548 Tel\u00e8fon Correu info@vitbot.com Direcci\u00f3 C\/ Almeria 40 F Poblaci\u00f3 Tarrasa Codi postal 08226 Pa\u00eds Espanya","url":"https:\/\/www.vitbot.com\/ca","logo":{"@type":"ImageObject","inLanguage":"ca","@id":"https:\/\/www.vitbot.com\/ca#\/schema\/logo\/image\/","url":"https:\/\/www.vitbot.com\/wp-content\/uploads\/2017\/03\/vitbot_logo.png","contentUrl":"https:\/\/www.vitbot.com\/wp-content\/uploads\/2017\/03\/vitbot_logo.png","width":84,"height":24,"caption":"Vitbot Europe,S.L. NIF B66180548 Tel\u00e8fon Correu info@vitbot.com Direcci\u00f3 C\/ Almeria 40 F Poblaci\u00f3 Tarrasa Codi postal 08226 Pa\u00eds Espanya"},"image":{"@id":"https:\/\/www.vitbot.com\/ca#\/schema\/logo\/image\/"},"sameAs":["https:\/\/www.facebook.com\/vitbotbottle\/","https:\/\/www.instagram.com\/vitbotofficial\/"]}]}},"_links":{"self":[{"href":"https:\/\/www.vitbot.com\/ca\/wp-json\/wp\/v2\/pages\/1007"}],"collection":[{"href":"https:\/\/www.vitbot.com\/ca\/wp-json\/wp\/v2\/pages"}],"about":[{"href":"https:\/\/www.vitbot.com\/ca\/wp-json\/wp\/v2\/types\/page"}],"author":[{"embeddable":true,"href":"https:\/\/www.vitbot.com\/ca\/wp-json\/wp\/v2\/users\/1"}],"replies":[{"embeddable":true,"href":"https:\/\/www.vitbot.com\/ca\/wp-json\/wp\/v2\/comments?post=1007"}],"version-history":[{"count":7,"href":"https:\/\/www.vitbot.com\/ca\/wp-json\/wp\/v2\/pages\/1007\/revisions"}],"predecessor-version":[{"id":11025,"href":"https:\/\/www.vitbot.com\/ca\/wp-json\/wp\/v2\/pages\/1007\/revisions\/11025"}],"wp:attachment":[{"href":"https:\/\/www.vitbot.com\/ca\/wp-json\/wp\/v2\/media?parent=1007"}],"curies":[{"name":"wp","href":"https:\/\/api.w.org\/{rel}","templated":true}]}}